{"id":818,"date":"2019-02-18T17:08:52","date_gmt":"2019-02-18T17:08:52","guid":{"rendered":"http:\/\/www.es.cgc.energy\/?page_id=818"},"modified":"2022-04-06T13:57:52","modified_gmt":"2022-04-06T13:57:52","slug":"2018-2","status":"publish","type":"page","link":"https:\/\/cgc.energy\/esp\/2018-2\/","title":{"rendered":"2018"},"content":{"rendered":"\t\t<div data-elementor-type=\"wp-post\" data-elementor-id=\"818\" class=\"elementor elementor-818\" data-elementor-post-type=\"page\">\n\t\t\t\t\t\t<section class=\"elementor-section elementor-top-section elementor-element elementor-element-8c9a445 elementor-section-height-min-height elementor-section-items-bottom elementor-section-boxed elementor-section-height-default\" data-id=\"8c9a445\" data-element_type=\"section\" data-e-type=\"section\" data-settings=\"{&quot;background_background&quot;:&quot;classic&quot;}\">\n\t\t\t\t\t\t\t<div class=\"elementor-background-overlay\"><\/div>\n\t\t\t\t\t\t\t<div class=\"elementor-container elementor-column-gap-no\">\n\t\t\t\t\t<div class=\"elementor-column elementor-col-100 elementor-top-column elementor-element elementor-element-bdaccb9\" data-id=\"bdaccb9\" data-element_type=\"column\" data-e-type=\"column\" data-settings=\"{&quot;background_background&quot;:&quot;classic&quot;}\">\n\t\t\t<div class=\"elementor-widget-wrap elementor-element-populated\">\n\t\t\t\t\t\t<div class=\"elementor-element elementor-element-a2e7bd8 elementor-widget elementor-widget-spacer\" data-id=\"a2e7bd8\" data-element_type=\"widget\" data-e-type=\"widget\" data-widget_type=\"spacer.default\">\n\t\t\t\t<div class=\"elementor-widget-container\">\n\t\t\t\t\t\t\t<div class=\"elementor-spacer\">\n\t\t\t<div class=\"elementor-spacer-inner\"><\/div>\n\t\t<\/div>\n\t\t\t\t\t\t<\/div>\n\t\t\t\t<\/div>\n\t\t\t\t<div class=\"elementor-element elementor-element-5c5a3f9 elementor-widget elementor-widget-heading\" data-id=\"5c5a3f9\" data-element_type=\"widget\" data-e-type=\"widget\" data-widget_type=\"heading.default\">\n\t\t\t\t<div class=\"elementor-widget-container\">\n\t\t\t\t\t<h2 class=\"elementor-heading-title elementor-size-default\">Programa de Desarrollo de Proveedores<\/h2>\t\t\t\t<\/div>\n\t\t\t\t<\/div>\n\t\t\t\t<div class=\"elementor-element elementor-element-0b2d58a elementor-widget elementor-widget-spacer\" data-id=\"0b2d58a\" data-element_type=\"widget\" data-e-type=\"widget\" data-widget_type=\"spacer.default\">\n\t\t\t\t<div class=\"elementor-widget-container\">\n\t\t\t\t\t\t\t<div class=\"elementor-spacer\">\n\t\t\t<div class=\"elementor-spacer-inner\"><\/div>\n\t\t<\/div>\n\t\t\t\t\t\t<\/div>\n\t\t\t\t<\/div>\n\t\t\t\t<div class=\"elementor-element elementor-element-f4cf464 elementor-nav-menu__align-start elementor-nav-menu--dropdown-tablet elementor-nav-menu__text-align-aside elementor-nav-menu--toggle elementor-nav-menu--burger elementor-widget elementor-widget-nav-menu\" data-id=\"f4cf464\" data-element_type=\"widget\" data-e-type=\"widget\" data-settings=\"{&quot;submenu_icon&quot;:{&quot;value&quot;:&quot;&lt;i class=\\&quot;fas fa-angle-down\\&quot; aria-hidden=\\&quot;true\\&quot;&gt;&lt;\\\/i&gt;&quot;,&quot;library&quot;:&quot;fa-solid&quot;},&quot;layout&quot;:&quot;horizontal&quot;,&quot;toggle&quot;:&quot;burger&quot;}\" data-widget_type=\"nav-menu.default\">\n\t\t\t\t<div class=\"elementor-widget-container\">\n\t\t\t\t\t\t\t\t<nav aria-label=\"Menu\" class=\"elementor-nav-menu--main elementor-nav-menu__container elementor-nav-menu--layout-horizontal e--pointer-background e--animation-fade\">\n\t\t\t\t<ul id=\"menu-1-f4cf464\" class=\"elementor-nav-menu\"><li class=\"menu-item menu-item-type-post_type menu-item-object-page menu-item-has-children menu-item-827\"><a href=\"https:\/\/cgc.energy\/esp\/actividades\/\" class=\"elementor-item\">Actividades<\/a>\n<ul class=\"sub-menu elementor-nav-menu--dropdown\">\n\t<li class=\"menu-item menu-item-type-post_type menu-item-object-page menu-item-1094\"><a href=\"https:\/\/cgc.energy\/esp\/2017-2\/\" class=\"elementor-sub-item\">Actividades 2017<\/a><\/li>\n\t<li class=\"menu-item menu-item-type-post_type menu-item-object-page menu-item-826\"><a href=\"https:\/\/cgc.energy\/esp\/2018-2\/\" class=\"elementor-sub-item\">Actividades 2018<\/a><\/li>\n\t<li class=\"menu-item menu-item-type-post_type menu-item-object-page menu-item-825\"><a href=\"https:\/\/cgc.energy\/esp\/2019-2\/\" class=\"elementor-sub-item\">Actividades 2019<\/a><\/li>\n<\/ul>\n<\/li>\n<\/ul>\t\t\t<\/nav>\n\t\t\t\t\t<div class=\"elementor-menu-toggle\" role=\"button\" tabindex=\"0\" aria-label=\"Menu Toggle\" aria-expanded=\"false\">\n\t\t\t<i aria-hidden=\"true\" role=\"presentation\" class=\"elementor-menu-toggle__icon--open eicon-menu-bar\"><\/i><i aria-hidden=\"true\" role=\"presentation\" class=\"elementor-menu-toggle__icon--close eicon-close\"><\/i>\t\t<\/div>\n\t\t\t\t\t<nav class=\"elementor-nav-menu--dropdown elementor-nav-menu__container\" aria-hidden=\"true\">\n\t\t\t\t<ul id=\"menu-2-f4cf464\" class=\"elementor-nav-menu\"><li class=\"menu-item menu-item-type-post_type menu-item-object-page menu-item-has-children menu-item-827\"><a href=\"https:\/\/cgc.energy\/esp\/actividades\/\" class=\"elementor-item\" tabindex=\"-1\">Actividades<\/a>\n<ul class=\"sub-menu elementor-nav-menu--dropdown\">\n\t<li class=\"menu-item menu-item-type-post_type menu-item-object-page menu-item-1094\"><a href=\"https:\/\/cgc.energy\/esp\/2017-2\/\" class=\"elementor-sub-item\" tabindex=\"-1\">Actividades 2017<\/a><\/li>\n\t<li class=\"menu-item menu-item-type-post_type menu-item-object-page menu-item-826\"><a href=\"https:\/\/cgc.energy\/esp\/2018-2\/\" class=\"elementor-sub-item\" tabindex=\"-1\">Actividades 2018<\/a><\/li>\n\t<li class=\"menu-item menu-item-type-post_type menu-item-object-page menu-item-825\"><a href=\"https:\/\/cgc.energy\/esp\/2019-2\/\" class=\"elementor-sub-item\" tabindex=\"-1\">Actividades 2019<\/a><\/li>\n<\/ul>\n<\/li>\n<\/ul>\t\t\t<\/nav>\n\t\t\t\t\t\t<\/div>\n\t\t\t\t<\/div>\n\t\t\t\t\t<\/div>\n\t\t<\/div>\n\t\t\t\t\t<\/div>\n\t\t<\/section>\n\t\t\t\t<section class=\"elementor-section elementor-top-section elementor-element elementor-element-6ccd54b elementor-section-boxed elementor-section-height-default elementor-section-height-default\" data-id=\"6ccd54b\" data-element_type=\"section\" data-e-type=\"section\">\n\t\t\t\t\t\t<div class=\"elementor-container elementor-column-gap-default\">\n\t\t\t\t\t<div class=\"elementor-column elementor-col-100 elementor-top-column elementor-element elementor-element-bb539d5\" data-id=\"bb539d5\" data-element_type=\"column\" data-e-type=\"column\">\n\t\t\t<div class=\"elementor-widget-wrap elementor-element-populated\">\n\t\t\t\t\t\t<div class=\"elementor-element elementor-element-67b99a8 elementor-widget elementor-widget-spacer\" data-id=\"67b99a8\" data-element_type=\"widget\" data-e-type=\"widget\" data-widget_type=\"spacer.default\">\n\t\t\t\t<div class=\"elementor-widget-container\">\n\t\t\t\t\t\t\t<div class=\"elementor-spacer\">\n\t\t\t<div class=\"elementor-spacer-inner\"><\/div>\n\t\t<\/div>\n\t\t\t\t\t\t<\/div>\n\t\t\t\t<\/div>\n\t\t\t\t<div class=\"elementor-element elementor-element-8fc4525 elementor-widget elementor-widget-heading\" data-id=\"8fc4525\" data-element_type=\"widget\" data-e-type=\"widget\" data-widget_type=\"heading.default\">\n\t\t\t\t<div class=\"elementor-widget-container\">\n\t\t\t\t\t<h2 class=\"elementor-heading-title elementor-size-default\">Actividades 2018<\/h2>\t\t\t\t<\/div>\n\t\t\t\t<\/div>\n\t\t\t\t<div class=\"elementor-element elementor-element-e59cc14 elementor-widget elementor-widget-be-timeline\" data-id=\"e59cc14\" data-element_type=\"widget\" data-e-type=\"widget\" data-widget_type=\"be-timeline.default\">\n\t\t\t\t<div class=\"elementor-widget-container\">\n\t\t\t\t\t<ul class=\"be-pack timeline \"><li class=\"timeline-inverted\"> \n\t\t\t<div class=\"tl-circ\"><\/div>\n\t\t <div class=\"timeline-panel\">\n\t\t   <div class=\"tl-heading\">\n\t\t\t <div class=\"tl-content\">\n\n\t\t\t    \n\t\t\t\t\t\t<div class=\"timeline_pic pull-left\"><img fetchpriority=\"high\" decoding=\"async\" width=\"1828\" height=\"1372\" src=\"https:\/\/cgc.energy\/esp\/wp-content\/uploads\/2019\/03\/Captura-de-pantalla-2019-03-15-a-las-12.25.12.png\" class=\"attachment-full size-full wp-image-1131\" srcset=\"https:\/\/cgc.energy\/esp\/wp-content\/uploads\/2019\/03\/Captura-de-pantalla-2019-03-15-a-las-12.25.12.png 1828w, https:\/\/cgc.energy\/esp\/wp-content\/uploads\/2019\/03\/Captura-de-pantalla-2019-03-15-a-las-12.25.12-300x225.png 300w, https:\/\/cgc.energy\/esp\/wp-content\/uploads\/2019\/03\/Captura-de-pantalla-2019-03-15-a-las-12.25.12-768x576.png 768w, https:\/\/cgc.energy\/esp\/wp-content\/uploads\/2019\/03\/Captura-de-pantalla-2019-03-15-a-las-12.25.12-1024x769.png 1024w\" sizes=\"(max-width: 1828px) 100vw, 1828px\" \/><\/div>\n\t\t\t\t\t\t<div class=\"be-desc\">\n\t\t\t\t\t\t\t<h2 class=\"be-title\">febrero<\/h2>\t\t\t\t\t\t\t<div class=\"be-content\"><p><strong>Presentaci\u00f3n del Diagn\u00f3stico y Programa de Actividades del PDP<\/strong><\/p><p>Se realiz\u00f3 el primer encuentro con los proveedores para compartir el diagn\u00f3stico resumido en funci\u00f3n de las entrevistas individuales realizadas. Se detectaron aspectos a trabajar en seis dimensiones. El lanzamiento cont\u00f3 con la presencia del Presidente de CGC Hugo Eurnekian.<\/p><\/div>\t\t\t\t\t\t<\/div>\n\n\t\t\t\t\t\n\t\t\t\t<\/div>\n\n\t\t\t<\/div>\n\t\t<\/div>\n\t\t\t<\/li>\n\t\t\t<li class=\"timeline-right\"> \n\t\t\t<div class=\"tl-circ\"><\/div>\n\t\t <div class=\"timeline-panel\">\n\t\t   <div class=\"tl-heading\">\n\t\t\t <div class=\"tl-content\">\n\n\t\t\t    \n\t\t\t\t\t\t<div class=\"timeline_pic pull-left\"><img decoding=\"async\" width=\"1040\" height=\"780\" src=\"https:\/\/cgc.energy\/esp\/wp-content\/uploads\/2019\/03\/WhatsApp-Image-2019-02-13-at-17.15.31-1.jpeg\" class=\"attachment-full size-full wp-image-1105\" srcset=\"https:\/\/cgc.energy\/esp\/wp-content\/uploads\/2019\/03\/WhatsApp-Image-2019-02-13-at-17.15.31-1.jpeg 1040w, https:\/\/cgc.energy\/esp\/wp-content\/uploads\/2019\/03\/WhatsApp-Image-2019-02-13-at-17.15.31-1-300x225.jpeg 300w, https:\/\/cgc.energy\/esp\/wp-content\/uploads\/2019\/03\/WhatsApp-Image-2019-02-13-at-17.15.31-1-768x576.jpeg 768w, https:\/\/cgc.energy\/esp\/wp-content\/uploads\/2019\/03\/WhatsApp-Image-2019-02-13-at-17.15.31-1-1024x768.jpeg 1024w\" sizes=\"(max-width: 1040px) 100vw, 1040px\" \/><\/div>\n\t\t\t\t\t\t<div class=\"be-desc\">\n\t\t\t\t\t\t\t<h2 class=\"be-title\">Abril<\/h2>\t\t\t\t\t\t\t<div class=\"be-content\"><p><strong>Presentaci\u00f3n Plan de Actividades de CGC en Cuenca Austral y Plan de Actividades del PDP<\/strong><\/p><p><span lang=\"ES\">Se present\u00f3 el plan de actividades en las seis dimensiones: Capital Humano, Sindicato, Financiaci\u00f3n, Capacitaci\u00f3n, Consultor\u00eda y Encuentros. Especialmente se mostraron las actividades de Capacitaci\u00f3n propuestas y las Herramientas de Financiaci\u00f3n para pymes del Ministerio de Producci\u00f3n. Se present\u00f3 adem\u00e1s el plan de actividades de CGC previstas para la Cuenca en 2018 y 2019, con un detalle por \u00e1reas y evoluci\u00f3n de los equipos de perforaci\u00f3n.<\/span><\/p><\/div>\t\t\t\t\t\t<\/div>\n\n\t\t\t\t\t\n\t\t\t\t<\/div>\n\n\t\t\t<\/div>\n\t\t<\/div>\n\t\t\t<\/li>\n\t\t\t<li class=\"timeline-inverted\"> \n\t\t\t<div class=\"tl-circ\"><\/div>\n\t\t <div class=\"timeline-panel\">\n\t\t   <div class=\"tl-heading\">\n\t\t\t <div class=\"tl-content\">\n\n\t\t\t    \n\t\t\t\t\t\t<div class=\"timeline_pic pull-left\"><img decoding=\"async\" width=\"1800\" height=\"1352\" src=\"https:\/\/cgc.energy\/esp\/wp-content\/uploads\/2019\/03\/Captura-de-pantalla-2019-03-15-a-las-12.12.18.png\" class=\"attachment-full size-full wp-image-1122\" srcset=\"https:\/\/cgc.energy\/esp\/wp-content\/uploads\/2019\/03\/Captura-de-pantalla-2019-03-15-a-las-12.12.18.png 1800w, https:\/\/cgc.energy\/esp\/wp-content\/uploads\/2019\/03\/Captura-de-pantalla-2019-03-15-a-las-12.12.18-300x225.png 300w, https:\/\/cgc.energy\/esp\/wp-content\/uploads\/2019\/03\/Captura-de-pantalla-2019-03-15-a-las-12.12.18-768x577.png 768w, https:\/\/cgc.energy\/esp\/wp-content\/uploads\/2019\/03\/Captura-de-pantalla-2019-03-15-a-las-12.12.18-1024x769.png 1024w\" sizes=\"(max-width: 1800px) 100vw, 1800px\" \/><\/div>\n\t\t\t\t\t\t<div class=\"be-desc\">\n\t\t\t\t\t\t\t<h2 class=\"be-title\">JUNIO<\/h2>\t\t\t\t\t\t\t<div class=\"be-content\"><p><strong>1\u00ba M\u00f3dulo de Capacitaci\u00f3n<\/strong><\/p><p>ESTRATEGIA DE LA EMPRESA Y GESTI\u00d3N DE COSTOS<\/p><\/div>\t\t\t\t\t\t<\/div>\n\n\t\t\t\t\t\n\t\t\t\t<\/div>\n\n\t\t\t<\/div>\n\t\t<\/div>\n\t\t\t<\/li>\n\t\t\t<li class=\"timeline-right\"> \n\t\t\t<div class=\"tl-circ\"><\/div>\n\t\t <div class=\"timeline-panel\">\n\t\t   <div class=\"tl-heading\">\n\t\t\t <div class=\"tl-content\">\n\n\t\t\t    \n\t\t\t\t\t\t<div class=\"timeline_pic pull-left\"><img loading=\"lazy\" decoding=\"async\" width=\"1040\" height=\"584\" src=\"https:\/\/cgc.energy\/esp\/wp-content\/uploads\/2019\/03\/WhatsApp-Image-2019-02-13-at-17.15.32-1.jpeg\" class=\"attachment-full size-full wp-image-1102\" srcset=\"https:\/\/cgc.energy\/esp\/wp-content\/uploads\/2019\/03\/WhatsApp-Image-2019-02-13-at-17.15.32-1.jpeg 1040w, https:\/\/cgc.energy\/esp\/wp-content\/uploads\/2019\/03\/WhatsApp-Image-2019-02-13-at-17.15.32-1-300x168.jpeg 300w, https:\/\/cgc.energy\/esp\/wp-content\/uploads\/2019\/03\/WhatsApp-Image-2019-02-13-at-17.15.32-1-768x431.jpeg 768w, https:\/\/cgc.energy\/esp\/wp-content\/uploads\/2019\/03\/WhatsApp-Image-2019-02-13-at-17.15.32-1-1024x575.jpeg 1024w\" sizes=\"(max-width: 1040px) 100vw, 1040px\" \/><\/div>\n\t\t\t\t\t\t<div class=\"be-desc\">\n\t\t\t\t\t\t\t<h2 class=\"be-title\">Agosto<\/h2>\t\t\t\t\t\t\t<div class=\"be-content\"><p><strong>2\u00ba Modulo de Capacitaci\u00f3n<\/strong><\/p><p>LIDERAZGO Y SEGURIDAD, COMUNICACI\u00d3N INTELIGENCIA EMOCIONAL Y TRABAJO EN EQUIPO<\/p><p>24 y 25 de AGO 2018<\/p><p>3do M\u00f3dulo de Capacitaci\u00f3n<\/p><p>NEGOCIACI\u00d3N, RESOLUCI\u00d3N DE PROBLEMAS Y TOMA DE DECISIONES<\/p><\/div>\t\t\t\t\t\t<\/div>\n\n\t\t\t\t\t\n\t\t\t\t<\/div>\n\n\t\t\t<\/div>\n\t\t<\/div>\n\t\t\t<\/li>\n\t\t\t<li class=\"timeline-inverted\"> \n\t\t\t<div class=\"tl-circ\"><\/div>\n\t\t <div class=\"timeline-panel\">\n\t\t   <div class=\"tl-heading\">\n\t\t\t <div class=\"tl-content\">\n\n\t\t\t    \n\t\t\t\t\t\t<div class=\"timeline_pic pull-left\"><img loading=\"lazy\" decoding=\"async\" width=\"1890\" height=\"1408\" src=\"https:\/\/cgc.energy\/esp\/wp-content\/uploads\/2019\/03\/Captura-de-pantalla-2019-03-15-a-las-12.14.44.png\" class=\"attachment-full size-full wp-image-1123\" srcset=\"https:\/\/cgc.energy\/esp\/wp-content\/uploads\/2019\/03\/Captura-de-pantalla-2019-03-15-a-las-12.14.44.png 1890w, https:\/\/cgc.energy\/esp\/wp-content\/uploads\/2019\/03\/Captura-de-pantalla-2019-03-15-a-las-12.14.44-300x223.png 300w, https:\/\/cgc.energy\/esp\/wp-content\/uploads\/2019\/03\/Captura-de-pantalla-2019-03-15-a-las-12.14.44-768x572.png 768w, https:\/\/cgc.energy\/esp\/wp-content\/uploads\/2019\/03\/Captura-de-pantalla-2019-03-15-a-las-12.14.44-1024x763.png 1024w\" sizes=\"(max-width: 1890px) 100vw, 1890px\" \/><\/div>\n\t\t\t\t\t\t<div class=\"be-desc\">\n\t\t\t\t\t\t\t<h2 class=\"be-title\">Noviembre<\/h2>\t\t\t\t\t\t\t<div class=\"be-content\"><h5>Encuentro de Networking y Feedback del a\u00f1o<\/h5><p>\u00a0Encuentro entre proveedores y CGC para evaluar el feedback de proveedores con respecto a las actividades realizadas durante el a\u00f1o. Tambi\u00e9n se analizaron propuestas de mejoras y necesidades para 2019.<\/p><\/div>\t\t\t\t\t\t<\/div>\n\n\t\t\t\t\t\n\t\t\t\t<\/div>\n\n\t\t\t<\/div>\n\t\t<\/div>\n\t\t\t<\/li>\n\t\t\t \n      <\/ul>\n\n\t\t\t\t\t<\/div>\n\t\t\t\t<\/div>\n\t\t\t\t\t<\/div>\n\t\t<\/div>\n\t\t\t\t\t<\/div>\n\t\t<\/section>\n\t\t\t\t<\/div>\n\t\t","protected":false},"excerpt":{"rendered":"<p>Programa de Desarrollo de Proveedores Actividades 2018 febrero Presentaci\u00f3n del Diagn\u00f3stico y Programa de Actividades del PDP Se realiz\u00f3 el primer encuentro con los proveedores para compartir el diagn\u00f3stico resumido en funci\u00f3n de las entrevistas individuales realizadas. Se detectaron aspectos a trabajar en seis dimensiones. El lanzamiento cont\u00f3 con la presencia del Presidente de CGC [&hellip;]<\/p>\n","protected":false},"author":1,"featured_media":0,"parent":0,"menu_order":0,"comment_status":"closed","ping_status":"closed","template":"","meta":{"ocean_post_layout":"full-screen","ocean_both_sidebars_style":"","ocean_both_sidebars_content_width":0,"ocean_both_sidebars_sidebars_width":0,"ocean_sidebar":"0","ocean_second_sidebar":"0","ocean_disable_margins":"on","ocean_add_body_class":"","ocean_shortcode_before_top_bar":"","ocean_shortcode_after_top_bar":"","ocean_shortcode_before_header":"","ocean_shortcode_after_header":"","ocean_has_shortcode":"","ocean_shortcode_after_title":"","ocean_shortcode_before_footer_widgets":"","ocean_shortcode_after_footer_widgets":"","ocean_shortcode_before_footer_bottom":"","ocean_shortcode_after_footer_bottom":"","ocean_display_top_bar":"default","ocean_display_header":"default","ocean_header_style":"","ocean_center_header_left_menu":"0","ocean_custom_header_template":"0","ocean_custom_logo":0,"ocean_custom_retina_logo":0,"ocean_custom_logo_max_width":0,"ocean_custom_logo_tablet_max_width":0,"ocean_custom_logo_mobile_max_width":0,"ocean_custom_logo_max_height":0,"ocean_custom_logo_tablet_max_height":0,"ocean_custom_logo_mobile_max_height":0,"ocean_header_custom_menu":"0","ocean_menu_typo_font_family":"0","ocean_menu_typo_font_subset":"","ocean_menu_typo_font_size":0,"ocean_menu_typo_font_size_tablet":0,"ocean_menu_typo_font_size_mobile":0,"ocean_menu_typo_font_size_unit":"px","ocean_menu_typo_font_weight":"","ocean_menu_typo_font_weight_tablet":"","ocean_menu_typo_font_weight_mobile":"","ocean_menu_typo_transform":"","ocean_menu_typo_transform_tablet":"","ocean_menu_typo_transform_mobile":"","ocean_menu_typo_line_height":0,"ocean_menu_typo_line_height_tablet":0,"ocean_menu_typo_line_height_mobile":0,"ocean_menu_typo_line_height_unit":"","ocean_menu_typo_spacing":0,"ocean_menu_typo_spacing_tablet":0,"ocean_menu_typo_spacing_mobile":0,"ocean_menu_typo_spacing_unit":"","ocean_menu_link_color":"","ocean_menu_link_color_hover":"","ocean_menu_link_color_active":"","ocean_menu_link_background":"","ocean_menu_link_hover_background":"","ocean_menu_link_active_background":"","ocean_menu_social_links_bg":"","ocean_menu_social_hover_links_bg":"","ocean_menu_social_links_color":"","ocean_menu_social_hover_links_color":"","ocean_disable_title":"on","ocean_disable_heading":"default","ocean_post_title":"","ocean_post_subheading":"","ocean_post_title_style":"","ocean_post_title_background_color":"","ocean_post_title_background":0,"ocean_post_title_bg_image_position":"","ocean_post_title_bg_image_attachment":"","ocean_post_title_bg_image_repeat":"","ocean_post_title_bg_image_size":"","ocean_post_title_height":0,"ocean_post_title_bg_overlay":0.5,"ocean_post_title_bg_overlay_color":"","ocean_disable_breadcrumbs":"off","ocean_breadcrumbs_color":"","ocean_breadcrumbs_separator_color":"","ocean_breadcrumbs_links_color":"","ocean_breadcrumbs_links_hover_color":"","ocean_display_footer_widgets":"default","ocean_display_footer_bottom":"default","ocean_custom_footer_template":"0","footnotes":""},"class_list":["post-818","page","type-page","status-publish","hentry","entry"],"_links":{"self":[{"href":"https:\/\/cgc.energy\/esp\/wp-json\/wp\/v2\/pages\/818","targetHints":{"allow":["GET"]}}],"collection":[{"href":"https:\/\/cgc.energy\/esp\/wp-json\/wp\/v2\/pages"}],"about":[{"href":"https:\/\/cgc.energy\/esp\/wp-json\/wp\/v2\/types\/page"}],"author":[{"embeddable":true,"href":"https:\/\/cgc.energy\/esp\/wp-json\/wp\/v2\/users\/1"}],"replies":[{"embeddable":true,"href":"https:\/\/cgc.energy\/esp\/wp-json\/wp\/v2\/comments?post=818"}],"version-history":[{"count":24,"href":"https:\/\/cgc.energy\/esp\/wp-json\/wp\/v2\/pages\/818\/revisions"}],"predecessor-version":[{"id":1577,"href":"https:\/\/cgc.energy\/esp\/wp-json\/wp\/v2\/pages\/818\/revisions\/1577"}],"wp:attachment":[{"href":"https:\/\/cgc.energy\/esp\/wp-json\/wp\/v2\/media?parent=818"}],"curies":[{"name":"wp","href":"https:\/\/api.w.org\/{rel}","templated":true}]}}