{"id":61,"date":"2019-01-18T16:54:45","date_gmt":"2019-01-18T16:54:45","guid":{"rendered":"http:\/\/www.es.cgc.energy\/?page_id=61"},"modified":"2022-10-12T23:23:37","modified_gmt":"2022-10-12T23:23:37","slug":"midstream","status":"publish","type":"page","link":"https:\/\/cgc.energy\/esp\/midstream\/","title":{"rendered":"Midstream"},"content":{"rendered":"\t\t<div data-elementor-type=\"wp-post\" data-elementor-id=\"61\" class=\"elementor elementor-61\" data-elementor-post-type=\"page\">\n\t\t\t\t\t\t<section class=\"elementor-section elementor-top-section elementor-element elementor-element-9c784ff elementor-section-full_width elementor-section-content-middle elementor-section-height-min-height elementor-section-stretched elementor-section-height-default elementor-section-items-middle\" data-id=\"9c784ff\" data-element_type=\"section\" data-e-type=\"section\" data-settings=\"{&quot;stretch_section&quot;:&quot;section-stretched&quot;,&quot;background_background&quot;:&quot;classic&quot;}\">\n\t\t\t\t\t\t<div class=\"elementor-container elementor-column-gap-no\">\n\t\t\t\t\t<div class=\"elementor-column elementor-col-100 elementor-top-column elementor-element elementor-element-5d9ee97\" data-id=\"5d9ee97\" data-element_type=\"column\" data-e-type=\"column\">\n\t\t\t<div class=\"elementor-widget-wrap\">\n\t\t\t\t\t\t\t<\/div>\n\t\t<\/div>\n\t\t\t\t\t<\/div>\n\t\t<\/section>\n\t\t\t\t<section class=\"elementor-section elementor-top-section elementor-element elementor-element-5dba1c33 elementor-section-boxed elementor-section-height-default elementor-section-height-default\" data-id=\"5dba1c33\" data-element_type=\"section\" data-e-type=\"section\">\n\t\t\t\t\t\t<div class=\"elementor-container elementor-column-gap-default\">\n\t\t\t\t\t<div class=\"elementor-column elementor-col-100 elementor-top-column elementor-element elementor-element-4a8baffd\" data-id=\"4a8baffd\" data-element_type=\"column\" data-e-type=\"column\">\n\t\t\t<div class=\"elementor-widget-wrap elementor-element-populated\">\n\t\t\t\t\t\t<div class=\"elementor-element elementor-element-2089e8dd elementor-widget elementor-widget-spacer\" data-id=\"2089e8dd\" data-element_type=\"widget\" data-e-type=\"widget\" data-widget_type=\"spacer.default\">\n\t\t\t\t<div class=\"elementor-widget-container\">\n\t\t\t\t\t\t\t<div class=\"elementor-spacer\">\n\t\t\t<div class=\"elementor-spacer-inner\"><\/div>\n\t\t<\/div>\n\t\t\t\t\t\t<\/div>\n\t\t\t\t<\/div>\n\t\t\t\t\t<\/div>\n\t\t<\/div>\n\t\t\t\t\t<\/div>\n\t\t<\/section>\n\t\t\t\t<section class=\"elementor-section elementor-top-section elementor-element elementor-element-63d703cb elementor-section-stretched elementor-section-boxed elementor-section-height-default elementor-section-height-default\" data-id=\"63d703cb\" data-element_type=\"section\" data-e-type=\"section\" data-settings=\"{&quot;stretch_section&quot;:&quot;section-stretched&quot;}\">\n\t\t\t\t\t\t<div class=\"elementor-container elementor-column-gap-default\">\n\t\t\t\t\t<div class=\"elementor-column elementor-col-100 elementor-top-column elementor-element elementor-element-700f0aaf\" data-id=\"700f0aaf\" data-element_type=\"column\" data-e-type=\"column\">\n\t\t\t<div class=\"elementor-widget-wrap elementor-element-populated\">\n\t\t\t\t\t\t<div class=\"elementor-element elementor-element-31acc6f5 elementor-widget elementor-widget-heading\" data-id=\"31acc6f5\" data-element_type=\"widget\" data-e-type=\"widget\" data-widget_type=\"heading.default\">\n\t\t\t\t<div class=\"elementor-widget-container\">\n\t\t\t\t\t<h2 class=\"elementor-heading-title elementor-size-default\">Midstream <\/h2>\t\t\t\t<\/div>\n\t\t\t\t<\/div>\n\t\t\t\t<section class=\"elementor-section elementor-inner-section elementor-element elementor-element-84e1f72 elementor-section-full_width elementor-section-height-default elementor-section-height-default\" data-id=\"84e1f72\" data-element_type=\"section\" data-e-type=\"section\">\n\t\t\t\t\t\t<div class=\"elementor-container elementor-column-gap-default\">\n\t\t\t\t\t<div class=\"elementor-column elementor-col-100 elementor-inner-column elementor-element elementor-element-89f9c33\" data-id=\"89f9c33\" data-element_type=\"column\" data-e-type=\"column\">\n\t\t\t<div class=\"elementor-widget-wrap elementor-element-populated\">\n\t\t\t\t\t\t<div class=\"elementor-element elementor-element-1e76894f elementor-widget elementor-widget-text-editor\" data-id=\"1e76894f\" data-element_type=\"widget\" data-e-type=\"widget\" data-widget_type=\"text-editor.default\">\n\t\t\t\t<div class=\"elementor-widget-container\">\n\t\t\t\t\t\t\t\t\t<p>CGC es socio cocontrolante en TGN (el segundo activo m\u00e1s grande de infraestructura en transporte de gas en la Argentina, el cual conecta con Chile, Bolivia, Uruguay, Brasil y una planta de regasificaci\u00f3n de GNL en la Argentina) y Gas Andes (un gasoducto de exportaci\u00f3n\/importaci\u00f3n de gas a\/de Chile).<\/p><p>CGC posee una relevante y estrat\u00e9gica participaci\u00f3n en activos de midstream de gas natural. Los mismos consisten en una participaci\u00f3n de 28% en Transportadora de Gas del Norte (TGN); una participaci\u00f3n del 43,50% en GasAndes Argentina y en GasAndes Chile, y una participaci\u00f3n del 15,77% en Transportadora de Gas del Mercosur (TGM).<\/p>\t\t\t\t\t\t\t\t<\/div>\n\t\t\t\t<\/div>\n\t\t\t\t<div class=\"elementor-element elementor-element-5076f4c elementor-widget elementor-widget-image\" data-id=\"5076f4c\" data-element_type=\"widget\" data-e-type=\"widget\" data-widget_type=\"image.default\">\n\t\t\t\t<div class=\"elementor-widget-container\">\n\t\t\t\t\t\t\t\t\t\t\t\t\t\t\t\t<a href=\"https:\/\/cgc.energy\/esp\/wp-content\/uploads\/2022\/09\/Midstream.jpg\" data-elementor-open-lightbox=\"yes\" data-elementor-lightbox-title=\"Midstream\" data-e-action-hash=\"#elementor-action%3Aaction%3Dlightbox%26settings%3DeyJpZCI6MzIxNSwidXJsIjoiaHR0cHM6XC9cL2NnYy5lbmVyZ3lcL2VzcFwvd3AtY29udGVudFwvdXBsb2Fkc1wvMjAyMlwvMDlcL01pZHN0cmVhbS5qcGcifQ%3D%3D\">\n\t\t\t\t\t\t\t<img fetchpriority=\"high\" decoding=\"async\" width=\"673\" height=\"758\" src=\"https:\/\/cgc.energy\/esp\/wp-content\/uploads\/2022\/09\/Midstream.jpg\" class=\"attachment-large size-large wp-image-3215\" alt=\"\" srcset=\"https:\/\/cgc.energy\/esp\/wp-content\/uploads\/2022\/09\/Midstream.jpg 673w, https:\/\/cgc.energy\/esp\/wp-content\/uploads\/2022\/09\/Midstream-266x300.jpg 266w\" sizes=\"(max-width: 673px) 100vw, 673px\" \/>\t\t\t\t\t\t\t\t<\/a>\n\t\t\t\t\t\t\t\t\t\t\t\t\t\t\t<\/div>\n\t\t\t\t<\/div>\n\t\t\t\t\t<\/div>\n\t\t<\/div>\n\t\t\t\t\t<\/div>\n\t\t<\/section>\n\t\t\t\t\t<\/div>\n\t\t<\/div>\n\t\t\t\t\t<\/div>\n\t\t<\/section>\n\t\t\t\t<section class=\"elementor-section elementor-top-section elementor-element elementor-element-96c30f7 elementor-section-boxed elementor-section-height-default elementor-section-height-default\" data-id=\"96c30f7\" data-element_type=\"section\" data-e-type=\"section\">\n\t\t\t\t\t\t<div class=\"elementor-container elementor-column-gap-default\">\n\t\t\t\t\t<div class=\"elementor-column elementor-col-100 elementor-top-column elementor-element elementor-element-73494de\" data-id=\"73494de\" data-element_type=\"column\" data-e-type=\"column\">\n\t\t\t<div class=\"elementor-widget-wrap elementor-element-populated\">\n\t\t\t\t\t\t<div class=\"elementor-element elementor-element-37dee53 elementor-widget elementor-widget-spacer\" data-id=\"37dee53\" data-element_type=\"widget\" data-e-type=\"widget\" data-widget_type=\"spacer.default\">\n\t\t\t\t<div class=\"elementor-widget-container\">\n\t\t\t\t\t\t\t<div class=\"elementor-spacer\">\n\t\t\t<div class=\"elementor-spacer-inner\"><\/div>\n\t\t<\/div>\n\t\t\t\t\t\t<\/div>\n\t\t\t\t<\/div>\n\t\t\t\t<div class=\"elementor-element elementor-element-a40437e elementor-widget elementor-widget-heading\" data-id=\"a40437e\" data-element_type=\"widget\" data-e-type=\"widget\" data-widget_type=\"heading.default\">\n\t\t\t\t<div class=\"elementor-widget-container\">\n\t\t\t\t\t<h2 class=\"elementor-heading-title elementor-size-default\">Transportadora de Gas del Norte S.A. (TGN)<\/h2>\t\t\t\t<\/div>\n\t\t\t\t<\/div>\n\t\t\t\t<div class=\"elementor-element elementor-element-9f8abe6 elementor-widget elementor-widget-text-editor\" data-id=\"9f8abe6\" data-element_type=\"widget\" data-e-type=\"widget\" data-widget_type=\"text-editor.default\">\n\t\t\t\t<div class=\"elementor-widget-container\">\n\t\t\t\t\t\t\t\t\t<p>TGN es una de las dos compa\u00f1\u00edas m\u00e1s importantes de transporte de gas natural que operan en la Argentina, la cual provee gas natural a las regiones del norte y centro de la Argentina. La red de gasoductos de TGN est\u00e1 compuesta por el gasoducto norte y el centro oeste, y cuenta con una longitud total de alrededor de 6.800 km y una capacidad de transporte de alrededor de 60 MMm3\/d. La extensi\u00f3n total del gasoducto norte, que nace en Campo Dur\u00e1n (Provincia de Salta) y llega a la Planta San Jer\u00f3nimo (Provincia de Santa F\u00e9) es de 4.550 km, incluyendo ductos troncales y circuitos derivados, con 12 estaciones de compresi\u00f3n que cuentan con un total de 204.620 caballos de fuerza (hp) de capacidad instalada. La capacidad de transporte total del gasoducto norte es de 28.0 MMm3\/d. La longitud total del gasoducto centro oeste, que nace en el yacimiento Loma de la Lata (Provincia de Neuqu\u00e9n) y llega tambi\u00e9n a Planta San Jer\u00f3nimo es de 2.256 km, incluyendo ramificaciones y circuitos derivados, con ocho estaciones de compresi\u00f3n, que cuentan con un total de 171.000 hp de capacidad de compresi\u00f3n instalada. La capacidad de transporte del ducto centro oeste es de 32,0 MMm3\/d. La licencia de operaciones de TGN tiene vigencia hasta diciembre de 2027 y puede extenderse por un periodo de 10 a\u00f1os adicionales, sujeto a revisi\u00f3n y aprobaci\u00f3n del gobierno argentino.<\/p>\t\t\t\t\t\t\t\t<\/div>\n\t\t\t\t<\/div>\n\t\t\t\t\t<\/div>\n\t\t<\/div>\n\t\t\t\t\t<\/div>\n\t\t<\/section>\n\t\t\t\t<section class=\"elementor-section elementor-top-section elementor-element elementor-element-c68d2c5 elementor-section-boxed elementor-section-height-default elementor-section-height-default\" data-id=\"c68d2c5\" data-element_type=\"section\" data-e-type=\"section\">\n\t\t\t\t\t\t<div class=\"elementor-container elementor-column-gap-default\">\n\t\t\t\t\t<div class=\"elementor-column elementor-col-100 elementor-top-column elementor-element elementor-element-74b48d9\" data-id=\"74b48d9\" data-element_type=\"column\" data-e-type=\"column\">\n\t\t\t<div class=\"elementor-widget-wrap elementor-element-populated\">\n\t\t\t\t\t\t<div class=\"elementor-element elementor-element-fb94bb5 elementor-widget elementor-widget-heading\" data-id=\"fb94bb5\" data-element_type=\"widget\" data-e-type=\"widget\" data-widget_type=\"heading.default\">\n\t\t\t\t<div class=\"elementor-widget-container\">\n\t\t\t\t\t<h2 class=\"elementor-heading-title elementor-size-default\">Gasoducto GasAndes (Argentina) S.A. &amp; Gasoducto GasAndes Chile S.A. <\/h2>\t\t\t\t<\/div>\n\t\t\t\t<\/div>\n\t\t\t\t<div class=\"elementor-element elementor-element-a8f26c5 elementor-widget elementor-widget-text-editor\" data-id=\"a8f26c5\" data-element_type=\"widget\" data-e-type=\"widget\" data-widget_type=\"text-editor.default\">\n\t\t\t\t<div class=\"elementor-widget-container\">\n\t\t\t\t\t\t\t\t\t<p>GasAndes Argentina opera la secci\u00f3n argentina del ducto GasAndes, mientras que Gasoducto GasAndes Chile opera la secci\u00f3n chilena del ducto GasAndes. El accionista principal de GasAndes Argentina y GasAndes Chile es Aprovisionadora Global de Energ\u00eda S. A., que mantiene una participaci\u00f3n del 47,10% en cada entidad. De manera directa, nosotros contamos con una participaci\u00f3n del 43,50% en GasAndes Argentina y GasAndes Chile. El 13% restante en cada una de ellas corresponde a AES Gener S.A.<\/p><p>El gasoducto une el bloque de La Mora, en la provincia de Mendoza, Argentina, con la ciudad de Santiago, en Chile, y tiene una longitud de aproximadamente de 533 km y una capacidad de transporte de 10,8 MMm3\/d. La licencia de operaci\u00f3n de GasAndes Argentina tiene vigencia hasta 2027 y puede extenderse por un periodo de 10 a\u00f1os adicionales, sujeto a la revisi\u00f3n y aprobaci\u00f3n del gobierno argentino. La licencia de operaci\u00f3n de GasAndes Chile fue otorgada por tiempo indefinido.<\/p><p>En cumplimiento de los acuerdos de asistencia t\u00e9cnica celebrados entre GasAndes Argentina y CGC en septiembre de 2014, y entre GasAndes Chile y Andes Operaciones y Servicios S. A. en agosto de 2014, operamos la secci\u00f3n argentina del ducto GasAndes, mientras que el sector chileno es operado por Andes Operaciones y Servicios S. A.<\/p>\t\t\t\t\t\t\t\t<\/div>\n\t\t\t\t<\/div>\n\t\t\t\t\t<\/div>\n\t\t<\/div>\n\t\t\t\t\t<\/div>\n\t\t<\/section>\n\t\t\t\t<section class=\"elementor-section elementor-top-section elementor-element elementor-element-8133a0d elementor-section-boxed elementor-section-height-default elementor-section-height-default\" data-id=\"8133a0d\" data-element_type=\"section\" data-e-type=\"section\">\n\t\t\t\t\t\t<div class=\"elementor-container elementor-column-gap-default\">\n\t\t\t\t\t<div class=\"elementor-column elementor-col-100 elementor-top-column elementor-element elementor-element-82f5ff4\" data-id=\"82f5ff4\" data-element_type=\"column\" data-e-type=\"column\">\n\t\t\t<div class=\"elementor-widget-wrap elementor-element-populated\">\n\t\t\t\t\t\t<div class=\"elementor-element elementor-element-9af8747 elementor-widget elementor-widget-heading\" data-id=\"9af8747\" data-element_type=\"widget\" data-e-type=\"widget\" data-widget_type=\"heading.default\">\n\t\t\t\t<div class=\"elementor-widget-container\">\n\t\t\t\t\t<h2 class=\"elementor-heading-title elementor-size-default\">Transportadora de Gas del Mercosur S.A. (TGM)<\/h2>\t\t\t\t<\/div>\n\t\t\t\t<\/div>\n\t\t\t\t<div class=\"elementor-element elementor-element-7482f0d elementor-widget elementor-widget-text-editor\" data-id=\"7482f0d\" data-element_type=\"widget\" data-e-type=\"widget\" data-widget_type=\"text-editor.default\">\n\t\t\t\t<div class=\"elementor-widget-container\">\n\t\t\t\t\t\t\t\t\t<p>TGM opera el gasoducto que transporta gas natural desde Aldea Brasileira, en la provincia de Entre R\u00edos, Argentina, hasta Uruguayana, en el estado de R\u00edo Grande do Sul, Brasil. El gasoducto tiene una longitud de 421 km y una capacidad de transporte de 15 MMm3\/d. La licencia de operaci\u00f3n de TGM tiene vigencia hasta diciembre de 2027 y puede extenderse por un periodo adicional de 10 a\u00f1os, sujeto a revisi\u00f3n y aprobaci\u00f3n por el gobierno argentino.<\/p>\t\t\t\t\t\t\t\t<\/div>\n\t\t\t\t<\/div>\n\t\t\t\t\t<\/div>\n\t\t<\/div>\n\t\t\t\t\t<\/div>\n\t\t<\/section>\n\t\t\t\t<section class=\"elementor-section elementor-top-section elementor-element elementor-element-507c596 elementor-section-boxed elementor-section-height-default elementor-section-height-default\" data-id=\"507c596\" data-element_type=\"section\" data-e-type=\"section\">\n\t\t\t\t\t\t<div class=\"elementor-container elementor-column-gap-default\">\n\t\t\t\t\t<div class=\"elementor-column elementor-col-100 elementor-top-column elementor-element elementor-element-0faeaa7\" data-id=\"0faeaa7\" data-element_type=\"column\" data-e-type=\"column\">\n\t\t\t<div class=\"elementor-widget-wrap elementor-element-populated\">\n\t\t\t\t\t\t<div class=\"elementor-element elementor-element-12eaa36 elementor-widget elementor-widget-spacer\" data-id=\"12eaa36\" data-element_type=\"widget\" data-e-type=\"widget\" data-widget_type=\"spacer.default\">\n\t\t\t\t<div class=\"elementor-widget-container\">\n\t\t\t\t\t\t\t<div class=\"elementor-spacer\">\n\t\t\t<div class=\"elementor-spacer-inner\"><\/div>\n\t\t<\/div>\n\t\t\t\t\t\t<\/div>\n\t\t\t\t<\/div>\n\t\t\t\t\t<\/div>\n\t\t<\/div>\n\t\t\t\t\t<\/div>\n\t\t<\/section>\n\t\t\t\t<\/div>\n\t\t","protected":false},"excerpt":{"rendered":"<p>Midstream CGC es socio cocontrolante en TGN (el segundo activo m\u00e1s grande de infraestructura en transporte de gas en la Argentina, el cual conecta con Chile, Bolivia, Uruguay, Brasil y una planta de regasificaci\u00f3n de GNL en la Argentina) y Gas Andes (un gasoducto de exportaci\u00f3n\/importaci\u00f3n de gas a\/de Chile). CGC posee una relevante y [&hellip;]<\/p>\n","protected":false},"author":1,"featured_media":0,"parent":0,"menu_order":0,"comment_status":"closed","ping_status":"closed","template":"elementor_header_footer","meta":{"ocean_post_layout":"","ocean_both_sidebars_style":"","ocean_both_sidebars_content_width":0,"ocean_both_sidebars_sidebars_width":0,"ocean_sidebar":"0","ocean_second_sidebar":"0","ocean_disable_margins":"enable","ocean_add_body_class":"","ocean_shortcode_before_top_bar":"","ocean_shortcode_after_top_bar":"","ocean_shortcode_before_header":"","ocean_shortcode_after_header":"","ocean_has_shortcode":"","ocean_shortcode_after_title":"","ocean_shortcode_before_footer_widgets":"","ocean_shortcode_after_footer_widgets":"","ocean_shortcode_before_footer_bottom":"","ocean_shortcode_after_footer_bottom":"","ocean_display_top_bar":"default","ocean_display_header":"default","ocean_header_style":"","ocean_center_header_left_menu":"0","ocean_custom_header_template":"0","ocean_custom_logo":0,"ocean_custom_retina_logo":0,"ocean_custom_logo_max_width":0,"ocean_custom_logo_tablet_max_width":0,"ocean_custom_logo_mobile_max_width":0,"ocean_custom_logo_max_height":0,"ocean_custom_logo_tablet_max_height":0,"ocean_custom_logo_mobile_max_height":0,"ocean_header_custom_menu":"0","ocean_menu_typo_font_family":"0","ocean_menu_typo_font_subset":"","ocean_menu_typo_font_size":0,"ocean_menu_typo_font_size_tablet":0,"ocean_menu_typo_font_size_mobile":0,"ocean_menu_typo_font_size_unit":"px","ocean_menu_typo_font_weight":"","ocean_menu_typo_font_weight_tablet":"","ocean_menu_typo_font_weight_mobile":"","ocean_menu_typo_transform":"","ocean_menu_typo_transform_tablet":"","ocean_menu_typo_transform_mobile":"","ocean_menu_typo_line_height":0,"ocean_menu_typo_line_height_tablet":0,"ocean_menu_typo_line_height_mobile":0,"ocean_menu_typo_line_height_unit":"","ocean_menu_typo_spacing":0,"ocean_menu_typo_spacing_tablet":0,"ocean_menu_typo_spacing_mobile":0,"ocean_menu_typo_spacing_unit":"","ocean_menu_link_color":"","ocean_menu_link_color_hover":"","ocean_menu_link_color_active":"","ocean_menu_link_background":"","ocean_menu_link_hover_background":"","ocean_menu_link_active_background":"","ocean_menu_social_links_bg":"","ocean_menu_social_hover_links_bg":"","ocean_menu_social_links_color":"","ocean_menu_social_hover_links_color":"","ocean_disable_title":"on","ocean_disable_heading":"default","ocean_post_title":"","ocean_post_subheading":"","ocean_post_title_style":"","ocean_post_title_background_color":"","ocean_post_title_background":0,"ocean_post_title_bg_image_position":"","ocean_post_title_bg_image_attachment":"","ocean_post_title_bg_image_repeat":"","ocean_post_title_bg_image_size":"","ocean_post_title_height":0,"ocean_post_title_bg_overlay":0.5,"ocean_post_title_bg_overlay_color":"","ocean_disable_breadcrumbs":"off","ocean_breadcrumbs_color":"","ocean_breadcrumbs_separator_color":"","ocean_breadcrumbs_links_color":"","ocean_breadcrumbs_links_hover_color":"","ocean_display_footer_widgets":"default","ocean_display_footer_bottom":"default","ocean_custom_footer_template":"0","footnotes":""},"class_list":["post-61","page","type-page","status-publish","hentry","entry"],"_links":{"self":[{"href":"https:\/\/cgc.energy\/esp\/wp-json\/wp\/v2\/pages\/61","targetHints":{"allow":["GET"]}}],"collection":[{"href":"https:\/\/cgc.energy\/esp\/wp-json\/wp\/v2\/pages"}],"about":[{"href":"https:\/\/cgc.energy\/esp\/wp-json\/wp\/v2\/types\/page"}],"author":[{"embeddable":true,"href":"https:\/\/cgc.energy\/esp\/wp-json\/wp\/v2\/users\/1"}],"replies":[{"embeddable":true,"href":"https:\/\/cgc.energy\/esp\/wp-json\/wp\/v2\/comments?post=61"}],"version-history":[{"count":68,"href":"https:\/\/cgc.energy\/esp\/wp-json\/wp\/v2\/pages\/61\/revisions"}],"predecessor-version":[{"id":3244,"href":"https:\/\/cgc.energy\/esp\/wp-json\/wp\/v2\/pages\/61\/revisions\/3244"}],"wp:attachment":[{"href":"https:\/\/cgc.energy\/esp\/wp-json\/wp\/v2\/media?parent=61"}],"curies":[{"name":"wp","href":"https:\/\/api.w.org\/{rel}","templated":true}]}}