{"id":41,"date":"2019-01-18T16:51:00","date_gmt":"2019-01-18T16:51:00","guid":{"rendered":"http:\/\/www.es.cgc.energy\/?page_id=41"},"modified":"2022-04-06T13:57:52","modified_gmt":"2022-04-06T13:57:52","slug":"comision-fizcalizadora","status":"publish","type":"page","link":"https:\/\/cgc.energy\/esp\/comision-fizcalizadora\/","title":{"rendered":"Comisi\u00f3n Fiscalizadora"},"content":{"rendered":"\t\t<div data-elementor-type=\"wp-post\" data-elementor-id=\"41\" class=\"elementor elementor-41\" data-elementor-post-type=\"page\">\n\t\t\t\t\t\t<section class=\"elementor-section elementor-top-section elementor-element elementor-element-2bfb9a9 elementor-section-full_width elementor-section-content-middle elementor-section-height-min-height elementor-section-height-default elementor-section-items-middle\" data-id=\"2bfb9a9\" data-element_type=\"section\" data-e-type=\"section\" data-settings=\"{&quot;background_background&quot;:&quot;classic&quot;}\">\n\t\t\t\t\t\t<div class=\"elementor-container elementor-column-gap-no\">\n\t\t\t\t\t<div class=\"elementor-column elementor-col-100 elementor-top-column elementor-element elementor-element-de33dd7\" data-id=\"de33dd7\" data-element_type=\"column\" data-e-type=\"column\">\n\t\t\t<div class=\"elementor-widget-wrap\">\n\t\t\t\t\t\t\t<\/div>\n\t\t<\/div>\n\t\t\t\t\t<\/div>\n\t\t<\/section>\n\t\t\t\t<section class=\"elementor-section elementor-top-section elementor-element elementor-element-3abb52a elementor-section-boxed elementor-section-height-default elementor-section-height-default\" data-id=\"3abb52a\" data-element_type=\"section\" data-e-type=\"section\">\n\t\t\t\t\t\t<div class=\"elementor-container elementor-column-gap-default\">\n\t\t\t\t\t<div class=\"elementor-column elementor-col-100 elementor-top-column elementor-element elementor-element-1c62873\" data-id=\"1c62873\" data-element_type=\"column\" data-e-type=\"column\">\n\t\t\t<div class=\"elementor-widget-wrap elementor-element-populated\">\n\t\t\t\t\t\t<div class=\"elementor-element elementor-element-efa4c9e elementor-widget elementor-widget-spacer\" data-id=\"efa4c9e\" data-element_type=\"widget\" data-e-type=\"widget\" data-widget_type=\"spacer.default\">\n\t\t\t\t<div class=\"elementor-widget-container\">\n\t\t\t\t\t\t\t<div class=\"elementor-spacer\">\n\t\t\t<div class=\"elementor-spacer-inner\"><\/div>\n\t\t<\/div>\n\t\t\t\t\t\t<\/div>\n\t\t\t\t<\/div>\n\t\t\t\t<div class=\"elementor-element elementor-element-00e6d7a elementor-widget elementor-widget-heading\" data-id=\"00e6d7a\" data-element_type=\"widget\" data-e-type=\"widget\" data-widget_type=\"heading.default\">\n\t\t\t\t<div class=\"elementor-widget-container\">\n\t\t\t\t\t<h2 class=\"elementor-heading-title elementor-size-default\">COMIT\u00c9 DIRECTIVO<\/h2>\t\t\t\t<\/div>\n\t\t\t\t<\/div>\n\t\t\t\t<div class=\"elementor-element elementor-element-3f3f66a elementor-widget elementor-widget-text-editor\" data-id=\"3f3f66a\" data-element_type=\"widget\" data-e-type=\"widget\" data-widget_type=\"text-editor.default\">\n\t\t\t\t<div class=\"elementor-widget-container\">\n\t\t\t\t\t\t\t\t\t<p>A continuaci\u00f3n, un resumen de la estructura de nuestro comit\u00e9 directivo e informaci\u00f3n sobre sus miembros.\u00a0<\/p><h2><strong>Comisi\u00f3n Fiscalizadora<\/strong><\/h2><p>La legislaci\u00f3n argentina, mediante la Ley de Sociedades Comerciales y la Ley de Mercado de Capitales requiere la organizaci\u00f3n de una Comisi\u00f3n Fiscalizadora. Nuestro estatuto establece una Comisi\u00f3n Fiscalizadora compuesta de tres auditores estatutarios y tres auditores estatutarios suplentes, que se desempe\u00f1an en dicha funci\u00f3n durante un a\u00f1o fiscal. En cumplimiento de la Ley de Sociedades Comerciales de la Argentina, solo los abogados y contadores matriculados en el pa\u00eds o las sociedades civiles compuestas de dichos profesionales, pueden desempe\u00f1arse como auditores estatutarios en una sociedad an\u00f3nima argentina. Todos los miembros titulares y suplentes de nuestra Comisi\u00f3n Fiscalizadora son independientes bajo la Ley Argentina de Mercado de Capitales. Las responsabilidades principales de nuestra Comisi\u00f3n Fiscalizadora son supervisar que el directorio cumpla con la Ley Argentina de Sociedades Comerciales, nuestro estatuto, regulaciones, en caso de que existan, y las resoluciones de nuestros accionistas, as\u00ed como el desempe\u00f1o de otras funciones que incluyen, pero no se limitan a las siguientes: 1) supervisar y fiscalizar los libros contables y registros corporativos cuando sea necesario, al menos una vez por trimestre; 2) participar de asambleas de directores y accionistas; 3) preparar un reporte anual acerca de nuestra condici\u00f3n financiera y presentarlo a nuestros accionistas en la asamblea ordinaria anual; 4) convocar una asamblea extraordinaria de accionistas cuando sea necesario, por cuenta propia o por pedido de los accionistas, o una ordinaria cuando nuestro directorio no lo haga; 5) supervisar y fiscalizar nuestro cumplimiento con leyes y regulaciones, el estatuto y las resoluciones de los accionistas; y 6) investigar los reclamos presentados por los accionistas con una representaci\u00f3n m\u00ednima del 2 % del capital accionario. Al desempe\u00f1ar estas funciones, la Comisi\u00f3n Fiscalizadora no controla nuestras operaciones ni eval\u00faa los fundamentos de las decisiones tomadas por los directores.\u00a0<\/p><p><b>La siguiente tabla presenta informaci\u00f3n de los miembros de nuestra Comisi\u00f3n Fiscalizadora:<\/b><\/p>\t\t\t\t\t\t\t\t<\/div>\n\t\t\t\t<\/div>\n\t\t\t\t<section class=\"elementor-section elementor-inner-section elementor-element elementor-element-eb5bd8a elementor-section-boxed elementor-section-height-default elementor-section-height-default\" data-id=\"eb5bd8a\" data-element_type=\"section\" data-e-type=\"section\">\n\t\t\t\t\t\t<div class=\"elementor-container elementor-column-gap-default\">\n\t\t\t\t\t<div class=\"elementor-column elementor-col-100 elementor-inner-column elementor-element elementor-element-266967c\" data-id=\"266967c\" data-element_type=\"column\" data-e-type=\"column\">\n\t\t\t<div class=\"elementor-widget-wrap elementor-element-populated\">\n\t\t\t\t\t\t<div class=\"elementor-element elementor-element-c6211d0 elementor-widget elementor-widget-text-editor\" data-id=\"c6211d0\" data-element_type=\"widget\" data-e-type=\"widget\" data-widget_type=\"text-editor.default\">\n\t\t\t\t<div class=\"elementor-widget-container\">\n\t\t\t\t\t\t\t\t\t<table border=\"0\" width=\"740\" cellspacing=\"0\" cellpadding=\"0\"><colgroup><col width=\"260\" \/><col width=\"220\" \/><col width=\"87\" \/><col width=\"173\" \/><\/colgroup><tbody><tr><td class=\"xl65\" width=\"260\" height=\"21\"><strong>Nombre<\/strong><\/td><td class=\"xl66\" width=\"220\"><strong>Puesto<\/strong><\/td><td class=\"xl66\" width=\"87\"><strong>Edad<\/strong><\/td><td class=\"xl66\" width=\"173\"><strong>Auditor desde\u00a0<\/strong><\/td><\/tr><tr><td class=\"xl63\" height=\"21\">Carlos Oscar Fernando Bianchi<\/td><td class=\"xl63\">S\u00edndico<\/td><td class=\"xl63\">70<\/td><td class=\"xl63\">23 de abril de 2014<\/td><\/tr><tr><td class=\"xl63\" height=\"21\">Carlos Fernando Bianchi<\/td><td class=\"xl63\">S\u00edndico<\/td><td class=\"xl63\">36<\/td><td class=\"xl63\">23 de abril de 2014<\/td><\/tr><tr><td class=\"xl63\" height=\"21\">Mariano Miguel de Apellaniz<\/td><td class=\"xl63\">S\u00edndico<\/td><td class=\"xl63\">62<\/td><td class=\"xl63\">21 de abril de 2017<\/td><\/tr><tr><td class=\"xl63\" height=\"21\">Juan Pablo Bianchi\u00a0<\/td><td class=\"xl63\">S\u00edndico Suplente<\/td><td class=\"xl63\">33<\/td><td class=\"xl63\">23 de abril de 2014<\/td><\/tr><tr><td class=\"xl63\" height=\"21\">H\u00e9ctor Oscar Jos\u00e9 Romero<\/td><td class=\"xl63\">S\u00edndico Suplente<\/td><td class=\"xl63\">65<\/td><td class=\"xl64\">23 de abril de 2014<\/td><\/tr><tr><td class=\"xl63\" height=\"21\">Jos\u00e9 Mar\u00eda Aranguren<\/td><td class=\"xl63\">S\u00edndico Suplente<\/td><td class=\"xl63\">35<\/td><td class=\"xl63\">23 de abril de 2014<\/td><\/tr><\/tbody><\/table>\t\t\t\t\t\t\t\t<\/div>\n\t\t\t\t<\/div>\n\t\t\t\t\t<\/div>\n\t\t<\/div>\n\t\t\t\t\t<\/div>\n\t\t<\/section>\n\t\t\t\t\t<\/div>\n\t\t<\/div>\n\t\t\t\t\t<\/div>\n\t\t<\/section>\n\t\t\t\t<section class=\"elementor-section elementor-top-section elementor-element elementor-element-4d8843f elementor-section-boxed elementor-section-height-default elementor-section-height-default\" data-id=\"4d8843f\" data-element_type=\"section\" data-e-type=\"section\">\n\t\t\t\t\t\t<div class=\"elementor-container elementor-column-gap-default\">\n\t\t\t\t\t<div class=\"elementor-column elementor-col-100 elementor-top-column elementor-element elementor-element-c1c3697\" data-id=\"c1c3697\" data-element_type=\"column\" data-e-type=\"column\">\n\t\t\t<div class=\"elementor-widget-wrap elementor-element-populated\">\n\t\t\t\t\t\t<div class=\"elementor-element elementor-element-7160f19 elementor-widget elementor-widget-spacer\" data-id=\"7160f19\" data-element_type=\"widget\" data-e-type=\"widget\" data-widget_type=\"spacer.default\">\n\t\t\t\t<div class=\"elementor-widget-container\">\n\t\t\t\t\t\t\t<div class=\"elementor-spacer\">\n\t\t\t<div class=\"elementor-spacer-inner\"><\/div>\n\t\t<\/div>\n\t\t\t\t\t\t<\/div>\n\t\t\t\t<\/div>\n\t\t\t\t\t<\/div>\n\t\t<\/div>\n\t\t\t\t\t<\/div>\n\t\t<\/section>\n\t\t\t\t<\/div>\n\t\t","protected":false},"excerpt":{"rendered":"<p>COMIT\u00c9 DIRECTIVO A continuaci\u00f3n, un resumen de la estructura de nuestro comit\u00e9 directivo e informaci\u00f3n sobre sus miembros.\u00a0 Comisi\u00f3n Fiscalizadora La legislaci\u00f3n argentina, mediante la Ley de Sociedades Comerciales y la Ley de Mercado de Capitales requiere la organizaci\u00f3n de una Comisi\u00f3n Fiscalizadora. Nuestro estatuto establece una Comisi\u00f3n Fiscalizadora compuesta de tres auditores estatutarios y [&hellip;]<\/p>\n","protected":false},"author":1,"featured_media":0,"parent":0,"menu_order":0,"comment_status":"closed","ping_status":"closed","template":"","meta":{"ocean_post_layout":"full-screen","ocean_both_sidebars_style":"","ocean_both_sidebars_content_width":0,"ocean_both_sidebars_sidebars_width":0,"ocean_sidebar":"0","ocean_second_sidebar":"0","ocean_disable_margins":"enable","ocean_add_body_class":"","ocean_shortcode_before_top_bar":"","ocean_shortcode_after_top_bar":"","ocean_shortcode_before_header":"","ocean_shortcode_after_header":"","ocean_has_shortcode":"","ocean_shortcode_after_title":"","ocean_shortcode_before_footer_widgets":"","ocean_shortcode_after_footer_widgets":"","ocean_shortcode_before_footer_bottom":"","ocean_shortcode_after_footer_bottom":"","ocean_display_top_bar":"default","ocean_display_header":"default","ocean_header_style":"","ocean_center_header_left_menu":"0","ocean_custom_header_template":"0","ocean_custom_logo":0,"ocean_custom_retina_logo":0,"ocean_custom_logo_max_width":0,"ocean_custom_logo_tablet_max_width":0,"ocean_custom_logo_mobile_max_width":0,"ocean_custom_logo_max_height":0,"ocean_custom_logo_tablet_max_height":0,"ocean_custom_logo_mobile_max_height":0,"ocean_header_custom_menu":"0","ocean_menu_typo_font_family":"0","ocean_menu_typo_font_subset":"","ocean_menu_typo_font_size":0,"ocean_menu_typo_font_size_tablet":0,"ocean_menu_typo_font_size_mobile":0,"ocean_menu_typo_font_size_unit":"px","ocean_menu_typo_font_weight":"","ocean_menu_typo_font_weight_tablet":"","ocean_menu_typo_font_weight_mobile":"","ocean_menu_typo_transform":"","ocean_menu_typo_transform_tablet":"","ocean_menu_typo_transform_mobile":"","ocean_menu_typo_line_height":0,"ocean_menu_typo_line_height_tablet":0,"ocean_menu_typo_line_height_mobile":0,"ocean_menu_typo_line_height_unit":"","ocean_menu_typo_spacing":0,"ocean_menu_typo_spacing_tablet":0,"ocean_menu_typo_spacing_mobile":0,"ocean_menu_typo_spacing_unit":"","ocean_menu_link_color":"","ocean_menu_link_color_hover":"","ocean_menu_link_color_active":"","ocean_menu_link_background":"","ocean_menu_link_hover_background":"","ocean_menu_link_active_background":"","ocean_menu_social_links_bg":"","ocean_menu_social_hover_links_bg":"","ocean_menu_social_links_color":"","ocean_menu_social_hover_links_color":"","ocean_disable_title":"on","ocean_disable_heading":"default","ocean_post_title":"","ocean_post_subheading":"","ocean_post_title_style":"","ocean_post_title_background_color":"","ocean_post_title_background":0,"ocean_post_title_bg_image_position":"","ocean_post_title_bg_image_attachment":"","ocean_post_title_bg_image_repeat":"","ocean_post_title_bg_image_size":"","ocean_post_title_height":0,"ocean_post_title_bg_overlay":0.5,"ocean_post_title_bg_overlay_color":"","ocean_disable_breadcrumbs":"default","ocean_breadcrumbs_color":"","ocean_breadcrumbs_separator_color":"","ocean_breadcrumbs_links_color":"","ocean_breadcrumbs_links_hover_color":"","ocean_display_footer_widgets":"default","ocean_display_footer_bottom":"default","ocean_custom_footer_template":"0","footnotes":""},"class_list":["post-41","page","type-page","status-publish","hentry","entry"],"_links":{"self":[{"href":"https:\/\/cgc.energy\/esp\/wp-json\/wp\/v2\/pages\/41","targetHints":{"allow":["GET"]}}],"collection":[{"href":"https:\/\/cgc.energy\/esp\/wp-json\/wp\/v2\/pages"}],"about":[{"href":"https:\/\/cgc.energy\/esp\/wp-json\/wp\/v2\/types\/page"}],"author":[{"embeddable":true,"href":"https:\/\/cgc.energy\/esp\/wp-json\/wp\/v2\/users\/1"}],"replies":[{"embeddable":true,"href":"https:\/\/cgc.energy\/esp\/wp-json\/wp\/v2\/comments?post=41"}],"version-history":[{"count":31,"href":"https:\/\/cgc.energy\/esp\/wp-json\/wp\/v2\/pages\/41\/revisions"}],"predecessor-version":[{"id":3285,"href":"https:\/\/cgc.energy\/esp\/wp-json\/wp\/v2\/pages\/41\/revisions\/3285"}],"wp:attachment":[{"href":"https:\/\/cgc.energy\/esp\/wp-json\/wp\/v2\/media?parent=41"}],"curies":[{"name":"wp","href":"https:\/\/api.w.org\/{rel}","templated":true}]}}