{"id":27,"date":"2019-01-18T16:47:00","date_gmt":"2019-01-18T16:47:00","guid":{"rendered":"http:\/\/www.es.cgc.energy\/?page_id=27"},"modified":"2022-09-28T01:07:42","modified_gmt":"2022-09-28T01:07:42","slug":"nuestros-activos","status":"publish","type":"page","link":"https:\/\/cgc.energy\/esp\/nuestros-activos\/","title":{"rendered":"Nuestros Activos"},"content":{"rendered":"\t\t<div data-elementor-type=\"wp-post\" data-elementor-id=\"27\" class=\"elementor elementor-27\" data-elementor-post-type=\"page\">\n\t\t\t\t\t\t<section class=\"elementor-section elementor-top-section elementor-element elementor-element-054f818 elementor-section-full_width elementor-section-content-middle elementor-section-height-min-height elementor-section-stretched elementor-section-height-default elementor-section-items-middle\" data-id=\"054f818\" data-element_type=\"section\" data-e-type=\"section\" data-settings=\"{&quot;stretch_section&quot;:&quot;section-stretched&quot;,&quot;background_background&quot;:&quot;classic&quot;}\">\n\t\t\t\t\t\t<div class=\"elementor-container elementor-column-gap-no\">\n\t\t\t\t\t<div class=\"elementor-column elementor-col-100 elementor-top-column elementor-element elementor-element-25c918f\" data-id=\"25c918f\" data-element_type=\"column\" data-e-type=\"column\">\n\t\t\t<div class=\"elementor-widget-wrap\">\n\t\t\t\t\t\t\t<\/div>\n\t\t<\/div>\n\t\t\t\t\t<\/div>\n\t\t<\/section>\n\t\t\t\t<section class=\"elementor-section elementor-top-section elementor-element elementor-element-c68e4ba elementor-section-stretched elementor-section-boxed elementor-section-height-default elementor-section-height-default\" data-id=\"c68e4ba\" data-element_type=\"section\" data-e-type=\"section\" data-settings=\"{&quot;stretch_section&quot;:&quot;section-stretched&quot;}\">\n\t\t\t\t\t\t<div class=\"elementor-container elementor-column-gap-default\">\n\t\t\t\t\t<div class=\"elementor-column elementor-col-50 elementor-top-column elementor-element elementor-element-f5931dc\" data-id=\"f5931dc\" data-element_type=\"column\" data-e-type=\"column\">\n\t\t\t<div class=\"elementor-widget-wrap elementor-element-populated\">\n\t\t\t\t\t\t<div class=\"elementor-element elementor-element-51e904c elementor-widget elementor-widget-heading\" data-id=\"51e904c\" data-element_type=\"widget\" data-e-type=\"widget\" data-widget_type=\"heading.default\">\n\t\t\t\t<div class=\"elementor-widget-container\">\n\t\t\t\t\t<h2 class=\"elementor-heading-title elementor-size-default\">Informaci\u00f3n sobre nuestros activos<\/h2>\t\t\t\t<\/div>\n\t\t\t\t<\/div>\n\t\t\t\t\t<\/div>\n\t\t<\/div>\n\t\t\t\t<div class=\"elementor-column elementor-col-50 elementor-top-column elementor-element elementor-element-4f9367e\" data-id=\"4f9367e\" data-element_type=\"column\" data-e-type=\"column\">\n\t\t\t<div class=\"elementor-widget-wrap elementor-element-populated\">\n\t\t\t\t\t\t<div class=\"elementor-element elementor-element-f92184d elementor-align-right elementor-mobile-align-center elementor-widget elementor-widget-button\" data-id=\"f92184d\" data-element_type=\"widget\" data-e-type=\"widget\" data-widget_type=\"button.default\">\n\t\t\t\t<div class=\"elementor-widget-container\">\n\t\t\t\t\t\t\t\t\t<div class=\"elementor-button-wrapper\">\n\t\t\t\t\t<a class=\"elementor-button elementor-button-link elementor-size-sm\" href=\"https:\/\/www.se.gob.ar\/datosupstream\/consulta_avanzada\/reporte.php\" target=\"_blank\" rel=\"nofollow\">\n\t\t\t\t\t\t<span class=\"elementor-button-content-wrapper\">\n\t\t\t\t\t\t\t\t\t<span class=\"elementor-button-text\">Producci\u00f3n mensual<\/span>\n\t\t\t\t\t<\/span>\n\t\t\t\t\t<\/a>\n\t\t\t\t<\/div>\n\t\t\t\t\t\t\t\t<\/div>\n\t\t\t\t<\/div>\n\t\t\t\t\t<\/div>\n\t\t<\/div>\n\t\t\t\t\t<\/div>\n\t\t<\/section>\n\t\t\t\t<section class=\"elementor-section elementor-top-section elementor-element elementor-element-851eb2f elementor-section-stretched elementor-section-boxed elementor-section-height-default elementor-section-height-default\" data-id=\"851eb2f\" data-element_type=\"section\" data-e-type=\"section\" data-settings=\"{&quot;stretch_section&quot;:&quot;section-stretched&quot;}\">\n\t\t\t\t\t\t<div class=\"elementor-container elementor-column-gap-default\">\n\t\t\t\t\t<div class=\"elementor-column elementor-col-50 elementor-top-column elementor-element elementor-element-02a39c2\" data-id=\"02a39c2\" data-element_type=\"column\" data-e-type=\"column\">\n\t\t\t<div class=\"elementor-widget-wrap elementor-element-populated\">\n\t\t\t\t\t\t<div class=\"elementor-element elementor-element-cf01ca2 elementor-widget elementor-widget-text-editor\" data-id=\"cf01ca2\" data-element_type=\"widget\" data-e-type=\"widget\" data-widget_type=\"text-editor.default\">\n\t\t\t\t<div class=\"elementor-widget-container\">\n\t\t\t\t\t\t\t\t\t<p>Tenemos participaci\u00f3n en 160 yacimientos de petr\u00f3leo y gas a trav\u00e9s de 12 \u00e1reas en la cuenca Austral, 15 \u00e1reas en la cuenca del Golfo San Jorge, 5 \u00e1reas en la cuenca Cuyana, un \u00e1rea de la cuenca Noroeste y un \u00e1rea de la cuenca Oriente (Venezuela). Nuestras \u00e1reas en el pa\u00eds cubren un total de 7,9 millones de acres brutos y 6,8 millones de acres netos. La cuenca Austral y cuenca del Golfo San Jorge, ubicadas en el extremo sur de Sudam\u00e9rica, comprenden la gran mayor\u00eda de nuestra producci\u00f3n y reservas, y es donde concentramos nuestras actividades. Operamos todos nuestros yacimientos de petr\u00f3leo y gas en ambas cuencas, y 2 de nuestros yacimientos en la cuenca Cuyana. Los restantes 3 yacimientos de la cuenca Cuyana, junto con nuestro yacimiento en la Cuenca del Noroeste, Aguarag\u00fce, son operados por socios de la compa\u00f1\u00eda.<\/p><p>En la cuenca Austral, nuestras actividades de producci\u00f3n y desarrollo se llevan a cabo a trav\u00e9s de 26 concesiones de producci\u00f3n y 3 permisos de exploraci\u00f3n, otorgados por el gobierno federal y los gobiernos provinciales. Nuestra concesi\u00f3n para la producci\u00f3n de gas no convencional, correspondiente a las \u00e1reas Campo Indio Este-El Cerrito, se extendi\u00f3 por un periodo adicional de 35 a\u00f1os en enero de 2018. Llevamos a cabo nuestra operaci\u00f3n por cuenta propia y en conjunto con socios operadores.<\/p><p>Contamos con una importante infraestructura en la Cuenca Austral, incluyendo plantas de tratamiento de petr\u00f3leo y gas natural, sistemas de recolecci\u00f3n, bater\u00edas para recolectar fluidos en cada yacimiento y m\u00e1s de 1.300 km de ductos de interconexi\u00f3n para transportar la producci\u00f3n hasta su tratamiento. Esto nos permite modificar nuestro mix de petr\u00f3leo y gas para responder r\u00e1pidamente a los cambios en el entorno, tanto en el \u00e1mbito local como el internacional, de manera de capturar los mejores precios disponibles en el mercado. Adem\u00e1s, operamos importantes instalaciones de almacenamiento y entrega (con capacidad de 135.000 m3), cerca del puerto mar\u00edtimo Punta Loyola, lo que nos permite acceder f\u00e1cilmente al mercado petrol\u00edfero.<\/p><p>El 19 de febrero de 2020, inauguramos el sistema de almacenamiento subterr\u00e1neo de gas natural \u201cSur R\u00edo Chico\u201d, la segunda de las instalaciones de estas caracter\u00edsticas en Argentina, que nos permite inyectar aproximadamente 1.000 Mm3\/d de gas natural durante la temporada de verano y extraer aproximadamente 2.000 Mm3\/d durante la temporada de invierno.<\/p><p>Con fecha 30 de junio de 2021, adquirimos Sinopec Argentina Exploration and Production. Con esta adquisici\u00f3n, incrementamos sustantivamente nuestra producci\u00f3n a m\u00e1s de 50.000 barriles equivalentes de petr\u00f3leo diarios (boe\/d), llevando la producci\u00f3n total a un mix aproximado de 63% en gas y 37% en petr\u00f3leo (anteriormente con valores del 85% y 15% respectivamente).<\/p><p>Los activos incorporados en la adquisici\u00f3n cubren m\u00e1s de 4.600 km2, con la mayor parte de ellos ubicados en la Cuenca del Golfo San Jorge y Cuenca Cuyana. La adquisici\u00f3n incluy\u00f3 tambi\u00e9n una participaci\u00f3n en Termap, la operadora de las terminales portuarias de Caleta Olivia (Santa Cruz) y Caleta C\u00f3rdova (Chubut).\u00a0De esta forma se increment\u00f3 sustancialmente la producci\u00f3n de petr\u00f3leo a m\u00e1s de 3.200 m3 diarios (m3\/d) y de gas a 5.600 Mm3 diarios (Mm3\/d) a fines de diciembre de 2021. Asimismo, en t\u00e9rminos de reservas probadas representa un incremento de m\u00e1s del 100% de las mismas (de 59 MM boe a aproximadamente 122 MM boe).\u00a0<\/p><p>Mantenemos tambi\u00e9n una participaci\u00f3n cocontrolante en TGN, la segunda red de gasoductos del pa\u00eds, en el norte y centro de la Argentina. En 2021, este sistema de gasoductos represent\u00f3 el 40% del transporte de gas en la Argentina, el cual cuenta con una longitud total de m\u00e1s de 7.300 km de extensi\u00f3n, con una capacidad de transporte de alrededor de 60 MMm3\/d.<\/p><p>Adem\u00e1s, CGC es socio cocontrolante en Gasoducto GasAndes Argentina y Chile, que conecta el bloque La Mora (Mendoza, Argentina) con la ciudad de Santiago de Chile.<\/p>\t\t\t\t\t\t\t\t<\/div>\n\t\t\t\t<\/div>\n\t\t\t\t\t<\/div>\n\t\t<\/div>\n\t\t\t\t<div class=\"elementor-column elementor-col-50 elementor-top-column elementor-element elementor-element-f576a21\" data-id=\"f576a21\" data-element_type=\"column\" data-e-type=\"column\">\n\t\t\t<div class=\"elementor-widget-wrap elementor-element-populated\">\n\t\t\t\t\t\t<div class=\"elementor-element elementor-element-02b775f elementor-widget elementor-widget-image\" data-id=\"02b775f\" data-element_type=\"widget\" data-e-type=\"widget\" data-widget_type=\"image.default\">\n\t\t\t\t<div class=\"elementor-widget-container\">\n\t\t\t\t\t\t\t\t\t\t\t\t\t\t\t<img fetchpriority=\"high\" decoding=\"async\" width=\"323\" height=\"579\" src=\"https:\/\/cgc.energy\/esp\/wp-content\/uploads\/2021\/10\/mapa-atikoRecurso-1.svg\" class=\"attachment-large size-large wp-image-2745\" alt=\"\" \/>\t\t\t\t\t\t\t\t\t\t\t\t\t\t\t<\/div>\n\t\t\t\t<\/div>\n\t\t\t\t\t<\/div>\n\t\t<\/div>\n\t\t\t\t\t<\/div>\n\t\t<\/section>\n\t\t\t\t<section class=\"elementor-section elementor-top-section elementor-element elementor-element-0a7cfe5 elementor-section-stretched elementor-section-boxed elementor-section-height-default elementor-section-height-default\" data-id=\"0a7cfe5\" data-element_type=\"section\" data-e-type=\"section\" data-settings=\"{&quot;stretch_section&quot;:&quot;section-stretched&quot;}\">\n\t\t\t\t\t\t<div class=\"elementor-container elementor-column-gap-default\">\n\t\t\t\t\t<div class=\"elementor-column elementor-col-100 elementor-top-column elementor-element elementor-element-075d3e5\" data-id=\"075d3e5\" data-element_type=\"column\" data-e-type=\"column\" data-settings=\"{&quot;background_background&quot;:&quot;classic&quot;}\">\n\t\t\t<div class=\"elementor-widget-wrap elementor-element-populated\">\n\t\t\t\t\t\t<div class=\"elementor-element elementor-element-525001b elementor-widget elementor-widget-text-editor\" data-id=\"525001b\" data-element_type=\"widget\" data-e-type=\"widget\" data-widget_type=\"text-editor.default\">\n\t\t\t\t<div class=\"elementor-widget-container\">\n\t\t\t\t\t\t\t\t\t<table style=\"font-weight: 400;\"><tbody><tr><td><p><strong><em>UPSTREAM<\/em><\/strong><\/p><\/td><td><p>\u00a0<\/p><\/td><td><p>\u00a0<\/p><\/td><td><p>\u00a0<\/p><\/td><td><p>\u00a0<\/p><\/td><\/tr><tr><td><p>Pa\u00eds\/Cuenca<\/p><\/td><td><p>\u00c1rea<\/p><\/td><td><p>Participaci\u00f3n en %<\/p><\/td><td><p>Operador<\/p><\/td><td><p>Actividad<\/p><\/td><\/tr><tr><td colspan=\"5\"><p>ARGENTINA<\/p><\/td><\/tr><tr><td rowspan=\"12\"><p>Austral<\/p><\/td><td><p>El Cerrito<\/p><\/td><td><p>100<\/p><\/td><td rowspan=\"11\"><p>CGC<\/p><\/td><td rowspan=\"9\"><p>Exploraci\u00f3n y producci\u00f3n<\/p><\/td><\/tr><tr><td><p>Dos Hermanos<\/p><\/td><td><p>100<\/p><\/td><\/tr><tr><td><p>Campo Boleadoras<\/p><\/td><td><p>100<\/p><\/td><\/tr><tr><td><p>Campo Indio Este \/ El Cerrito<\/p><\/td><td><p>100<\/p><\/td><\/tr><tr><td><p>Mar\u00eda In\u00e9s<\/p><\/td><td><p>100<\/p><\/td><\/tr><tr><td><p>C\u00f3ndor<\/p><\/td><td><p>100<\/p><\/td><\/tr><tr><td><p>La Maggie<\/p><\/td><td><p>100<\/p><\/td><\/tr><tr><td><p>Glencross<\/p><\/td><td><p>87<\/p><\/td><\/tr><tr><td><p>Estancia Chiripa<\/p><\/td><td><p>87<\/p><\/td><\/tr><tr><td><p>Tap\u00ed Aike<\/p><\/td><td><p>100<\/p><\/td><td><p>Exploraci\u00f3n<\/p><\/td><\/tr><tr><td><p>Piedrabuena<\/p><\/td><td><p>100<\/p><\/td><td><p>Exploraci\u00f3n<\/p><\/td><\/tr><tr><td><p>\u00a0Paso Fuhr<\/p><\/td><td><p>\u00a050<\/p><\/td><td><p>\u00a0<\/p><\/td><td><p>\u00a0Exploraci\u00f3n<\/p><\/td><\/tr><tr><td>\u00a0<\/td><td>\u00a0<\/td><td>\u00a0<\/td><td>\u00a0<\/td><td>\u00a0<\/td><\/tr><tr><td rowspan=\"15\"><p>Golfo San Jorge<\/p><\/td><td><p>Bloque 127<\/p><\/td><td><p>100<\/p><\/td><td rowspan=\"15\"><p>Subsidiaria<\/p><\/td><td rowspan=\"15\"><p>Exploraci\u00f3n y producci\u00f3n<\/p><\/td><\/tr><tr><td><p>Ca\u00f1ad\u00f3n Le\u00f3n<\/p><\/td><td><p>100<\/p><\/td><\/tr><tr><td><p>Ca\u00f1ad\u00f3n Minerales<\/p><\/td><td><p>100<\/p><\/td><\/tr><tr><td><p>Ca\u00f1ad\u00f3n Seco<\/p><\/td><td><p>100<\/p><\/td><\/tr><tr><td><p>Cerro Overo<\/p><\/td><td><p>100<\/p><\/td><\/tr><tr><td><p>Cerro Wenceslao<\/p><\/td><td><p>100<\/p><\/td><\/tr><tr><td><p>El Cord\u00f3n<\/p><\/td><td><p>100<\/p><\/td><\/tr><tr><td><p>El Huemul \u2013 Koluel Kaike<\/p><\/td><td><p>100<\/p><\/td><\/tr><tr><td><p>Las Heras<\/p><\/td><td><p>100<\/p><\/td><\/tr><tr><td><p>Meseta Espinosa<\/p><\/td><td><p>100<\/p><\/td><\/tr><tr><td><p>Meseta Espinosa Norte<\/p><\/td><td><p>100<\/p><\/td><\/tr><tr><td><p>Meseta Sirven<\/p><\/td><td><p>100<\/p><\/td><\/tr><tr><td><p>Piedra Clavada<\/p><\/td><td><p>100<\/p><\/td><\/tr><tr><td><p>Sur Piedra Clavada<\/p><\/td><td><p>100<\/p><\/td><\/tr><tr><td><p>Tres Picos<\/p><\/td><td><p>100<\/p><\/td><\/tr><tr><td>\u00a0<\/td><td>\u00a0<\/td><td><p>\u00a0<\/p><\/td><td><p>\u00a0<\/p><\/td><td><p>\u00a0<\/p><\/td><\/tr><tr><td rowspan=\"5\"><p>Cuyana<\/p><\/td><td><p>Cacheuta<\/p><\/td><td><p>100<\/p><\/td><td><p>Subsidiaria<\/p><\/td><td rowspan=\"5\"><p>Exploraci\u00f3n y producci\u00f3n<\/p><\/td><\/tr><tr><td><p>Caj\u00f3n de los Caballos<\/p><\/td><td><p>25<\/p><\/td><td><p>Roch S.A. (Bloque Occidental) e YPF S.A. (Bloque Oriental)<\/p><\/td><\/tr><tr><td><p>La Ventana<\/p><\/td><td><p>30<\/p><\/td><td><p>YPF S.A.<\/p><\/td><\/tr><tr><td><p>Piedras Coloradas \u2013 Estructura Intermedia<\/p><\/td><td><p>100<\/p><\/td><td><p>Subsidiaria<\/p><\/td><\/tr><tr><td><p>R\u00edo Tunuy\u00e1n<\/p><\/td><td><p>30<\/p><\/td><td><p>YPF S.A.<\/p><\/td><\/tr><tr><td>\u00a0<\/td><td>\u00a0<\/td><td>\u00a0<\/td><td>\u00a0<\/td><td>\u00a0<\/td><\/tr><tr><td><p>Noroeste<\/p><\/td><td><p>Aguarag\u00fce<\/p><\/td><td><p>5<\/p><\/td><td><p>Tecpetrol S. A.<\/p><\/td><td><p>Exploraci\u00f3n y producci\u00f3n<\/p><\/td><\/tr><tr><td colspan=\"5\"><p>\u00a0<\/p><\/td><\/tr><tr><td colspan=\"5\"><p>\u00a0<\/p><p>VENEZUELA<\/p><\/td><\/tr><tr><td><p>Oriental<\/p><\/td><td><p>Campo Onado<\/p><\/td><td><p>26<\/p><\/td><td><p>Petronado S.A.<\/p><\/td><td><p>Exploraci\u00f3n<\/p><\/td><\/tr><\/tbody><\/table>\t\t\t\t\t\t\t\t<\/div>\n\t\t\t\t<\/div>\n\t\t\t\t\t<\/div>\n\t\t<\/div>\n\t\t\t\t\t<\/div>\n\t\t<\/section>\n\t\t\t\t<\/div>\n\t\t","protected":false},"excerpt":{"rendered":"<p>Informaci\u00f3n sobre nuestros activos Producci\u00f3n mensual Tenemos participaci\u00f3n en 160 yacimientos de petr\u00f3leo y gas a trav\u00e9s de 12 \u00e1reas en la cuenca Austral, 15 \u00e1reas en la cuenca del Golfo San Jorge, 5 \u00e1reas en la cuenca Cuyana, un \u00e1rea de la cuenca Noroeste y un \u00e1rea de la cuenca Oriente (Venezuela). Nuestras \u00e1reas [&hellip;]<\/p>\n","protected":false},"author":1,"featured_media":0,"parent":0,"menu_order":0,"comment_status":"closed","ping_status":"closed","template":"","meta":{"ocean_post_layout":"","ocean_both_sidebars_style":"","ocean_both_sidebars_content_width":0,"ocean_both_sidebars_sidebars_width":0,"ocean_sidebar":"0","ocean_second_sidebar":"0","ocean_disable_margins":"on","ocean_add_body_class":"","ocean_shortcode_before_top_bar":"","ocean_shortcode_after_top_bar":"","ocean_shortcode_before_header":"","ocean_shortcode_after_header":"","ocean_has_shortcode":"","ocean_shortcode_after_title":"","ocean_shortcode_before_footer_widgets":"","ocean_shortcode_after_footer_widgets":"","ocean_shortcode_before_footer_bottom":"","ocean_shortcode_after_footer_bottom":"","ocean_display_top_bar":"default","ocean_display_header":"default","ocean_header_style":"","ocean_center_header_left_menu":"0","ocean_custom_header_template":"0","ocean_custom_logo":0,"ocean_custom_retina_logo":0,"ocean_custom_logo_max_width":0,"ocean_custom_logo_tablet_max_width":0,"ocean_custom_logo_mobile_max_width":0,"ocean_custom_logo_max_height":0,"ocean_custom_logo_tablet_max_height":0,"ocean_custom_logo_mobile_max_height":0,"ocean_header_custom_menu":"0","ocean_menu_typo_font_family":"0","ocean_menu_typo_font_subset":"","ocean_menu_typo_font_size":0,"ocean_menu_typo_font_size_tablet":0,"ocean_menu_typo_font_size_mobile":0,"ocean_menu_typo_font_size_unit":"px","ocean_menu_typo_font_weight":"","ocean_menu_typo_font_weight_tablet":"","ocean_menu_typo_font_weight_mobile":"","ocean_menu_typo_transform":"","ocean_menu_typo_transform_tablet":"","ocean_menu_typo_transform_mobile":"","ocean_menu_typo_line_height":0,"ocean_menu_typo_line_height_tablet":0,"ocean_menu_typo_line_height_mobile":0,"ocean_menu_typo_line_height_unit":"","ocean_menu_typo_spacing":0,"ocean_menu_typo_spacing_tablet":0,"ocean_menu_typo_spacing_mobile":0,"ocean_menu_typo_spacing_unit":"","ocean_menu_link_color":"","ocean_menu_link_color_hover":"","ocean_menu_link_color_active":"","ocean_menu_link_background":"","ocean_menu_link_hover_background":"","ocean_menu_link_active_background":"","ocean_menu_social_links_bg":"","ocean_menu_social_hover_links_bg":"","ocean_menu_social_links_color":"","ocean_menu_social_hover_links_color":"","ocean_disable_title":"on","ocean_disable_heading":"default","ocean_post_title":"","ocean_post_subheading":"","ocean_post_title_style":"","ocean_post_title_background_color":"","ocean_post_title_background":0,"ocean_post_title_bg_image_position":"","ocean_post_title_bg_image_attachment":"","ocean_post_title_bg_image_repeat":"","ocean_post_title_bg_image_size":"","ocean_post_title_height":0,"ocean_post_title_bg_overlay":0.5,"ocean_post_title_bg_overlay_color":"","ocean_disable_breadcrumbs":"off","ocean_breadcrumbs_color":"","ocean_breadcrumbs_separator_color":"","ocean_breadcrumbs_links_color":"","ocean_breadcrumbs_links_hover_color":"","ocean_display_footer_widgets":"default","ocean_display_footer_bottom":"default","ocean_custom_footer_template":"0","footnotes":""},"class_list":["post-27","page","type-page","status-publish","hentry","entry"],"_links":{"self":[{"href":"https:\/\/cgc.energy\/esp\/wp-json\/wp\/v2\/pages\/27","targetHints":{"allow":["GET"]}}],"collection":[{"href":"https:\/\/cgc.energy\/esp\/wp-json\/wp\/v2\/pages"}],"about":[{"href":"https:\/\/cgc.energy\/esp\/wp-json\/wp\/v2\/types\/page"}],"author":[{"embeddable":true,"href":"https:\/\/cgc.energy\/esp\/wp-json\/wp\/v2\/users\/1"}],"replies":[{"embeddable":true,"href":"https:\/\/cgc.energy\/esp\/wp-json\/wp\/v2\/comments?post=27"}],"version-history":[{"count":64,"href":"https:\/\/cgc.energy\/esp\/wp-json\/wp\/v2\/pages\/27\/revisions"}],"predecessor-version":[{"id":3179,"href":"https:\/\/cgc.energy\/esp\/wp-json\/wp\/v2\/pages\/27\/revisions\/3179"}],"wp:attachment":[{"href":"https:\/\/cgc.energy\/esp\/wp-json\/wp\/v2\/media?parent=27"}],"curies":[{"name":"wp","href":"https:\/\/api.w.org\/{rel}","templated":true}]}}