{"id":2412,"date":"2021-10-21T12:24:11","date_gmt":"2021-10-21T12:24:11","guid":{"rendered":"https:\/\/cgc.energy\/esp\/?page_id=2412"},"modified":"2022-04-20T17:56:56","modified_gmt":"2022-04-20T17:56:56","slug":"politica-de-salud-medio-ambiente-y-seguridad","status":"publish","type":"page","link":"https:\/\/cgc.energy\/esp\/politica-de-salud-medio-ambiente-y-seguridad\/","title":{"rendered":"Pol\u00edtica de Salud, Medio Ambiente y Seguridad"},"content":{"rendered":"\t\t<div data-elementor-type=\"wp-page\" data-elementor-id=\"2412\" class=\"elementor elementor-2412\" data-elementor-post-type=\"page\">\n\t\t\t\t\t\t<section class=\"elementor-section elementor-top-section elementor-element elementor-element-0471a13 elementor-section-boxed elementor-section-height-default elementor-section-height-default\" data-id=\"0471a13\" data-element_type=\"section\" data-e-type=\"section\">\n\t\t\t\t\t\t<div class=\"elementor-container elementor-column-gap-default\">\n\t\t\t\t\t<div class=\"elementor-column elementor-col-100 elementor-top-column elementor-element elementor-element-f2a3adb\" data-id=\"f2a3adb\" data-element_type=\"column\" data-e-type=\"column\">\n\t\t\t<div class=\"elementor-widget-wrap elementor-element-populated\">\n\t\t\t\t\t\t<div class=\"elementor-element elementor-element-2331e8b elementor-widget elementor-widget-heading\" data-id=\"2331e8b\" data-element_type=\"widget\" data-e-type=\"widget\" data-widget_type=\"heading.default\">\n\t\t\t\t<div class=\"elementor-widget-container\">\n\t\t\t\t\t<h2 class=\"elementor-heading-title elementor-size-default\">Pol\u00edtica de Salud, Seguridad y Medio Ambiente<\/h2>\t\t\t\t<\/div>\n\t\t\t\t<\/div>\n\t\t\t\t\t<\/div>\n\t\t<\/div>\n\t\t\t\t\t<\/div>\n\t\t<\/section>\n\t\t\t\t<section class=\"elementor-section elementor-top-section elementor-element elementor-element-e5277c8 elementor-section-boxed elementor-section-height-default elementor-section-height-default\" data-id=\"e5277c8\" data-element_type=\"section\" data-e-type=\"section\">\n\t\t\t\t\t\t<div class=\"elementor-container elementor-column-gap-default\">\n\t\t\t\t\t<div class=\"elementor-column elementor-col-100 elementor-top-column elementor-element elementor-element-f6364ce\" data-id=\"f6364ce\" data-element_type=\"column\" data-e-type=\"column\">\n\t\t\t<div class=\"elementor-widget-wrap elementor-element-populated\">\n\t\t\t\t\t\t<div class=\"elementor-element elementor-element-df72092 elementor-widget elementor-widget-heading\" data-id=\"df72092\" data-element_type=\"widget\" data-e-type=\"widget\" data-widget_type=\"heading.default\">\n\t\t\t\t<div class=\"elementor-widget-container\">\n\t\t\t\t\t<h2 class=\"elementor-heading-title elementor-size-default\">Pol\u00edtica de HES<\/h2>\t\t\t\t<\/div>\n\t\t\t\t<\/div>\n\t\t\t\t<div class=\"elementor-element elementor-element-5434cef elementor-widget elementor-widget-text-editor\" data-id=\"5434cef\" data-element_type=\"widget\" data-e-type=\"widget\" data-widget_type=\"text-editor.default\">\n\t\t\t\t<div class=\"elementor-widget-container\">\n\t\t\t\t\t\t\t\t\t<p>La seguridad de todos los empleados de <span style=\"text-decoration: underline;\"><a href=\"https:\/\/cgc.energy\/esp\/nuestra-historia\/\">La Subsidiaria<\/a><\/span>, y nuestros contratistas es una prioridad fundamental en nuestras operaciones y hacemos \u00e9nfasis en la prevenci\u00f3n de accidentes.<\/p><p>Todos los empleados son alentados y capacitados para aportar a la mejora continua en el desempe\u00f1o de la salud, seguridad ocupacional y el cuidado ambiental mediante el uso proactivo de pr\u00e1cticas de gesti\u00f3n de riesgos en las actividades cotidianas.<\/p><p>La Compa\u00f1\u00eda opera de modo ambientalmente responsable, siguiendo buenas pr\u00e1cticas y cumpliendo con las leyes y reglamentaciones aplicables.<\/p><p>El Sistema de Gesti\u00f3n HES en la Compa\u00f1\u00eda se aplica de manera continua y sistem\u00e1tica a fin de favorecer un desarrollo sustentable y un crecimiento rentable.<\/p>\t\t\t\t\t\t\t\t<\/div>\n\t\t\t\t<\/div>\n\t\t\t\t\t<\/div>\n\t\t<\/div>\n\t\t\t\t\t<\/div>\n\t\t<\/section>\n\t\t\t\t<section class=\"elementor-section elementor-top-section elementor-element elementor-element-e32e850 elementor-section-boxed elementor-section-height-default elementor-section-height-default\" data-id=\"e32e850\" data-element_type=\"section\" data-e-type=\"section\">\n\t\t\t\t\t\t<div class=\"elementor-container elementor-column-gap-default\">\n\t\t\t\t\t<div class=\"elementor-column elementor-col-100 elementor-top-column elementor-element elementor-element-72ce4c4\" data-id=\"72ce4c4\" data-element_type=\"column\" data-e-type=\"column\">\n\t\t\t<div class=\"elementor-widget-wrap elementor-element-populated\">\n\t\t\t\t\t\t<div class=\"elementor-element elementor-element-7fe74d2 elementor-widget elementor-widget-heading\" data-id=\"7fe74d2\" data-element_type=\"widget\" data-e-type=\"widget\" data-widget_type=\"heading.default\">\n\t\t\t\t<div class=\"elementor-widget-container\">\n\t\t\t\t\t<h2 class=\"elementor-heading-title elementor-size-default\">Objetivos estrat\u00e9gicos de HES<\/h2>\t\t\t\t<\/div>\n\t\t\t\t<\/div>\n\t\t\t\t<div class=\"elementor-element elementor-element-3da43cf elementor-widget elementor-widget-text-editor\" data-id=\"3da43cf\" data-element_type=\"widget\" data-e-type=\"widget\" data-widget_type=\"text-editor.default\">\n\t\t\t\t<div class=\"elementor-widget-container\">\n\t\t\t\t\t\t\t\t\t<p>Nos esforzamos por reducir los riesgos de la salud, el medioambiente y la seguridad en nuestras operaciones hasta un nivel \u201ctan bajo como sea razonablemente posible\u201d (ALARP).<\/p><p>Nuestra meta global son operaciones sin accidentes y sin da\u00f1o a la gente ni al ambiente.<\/p>\t\t\t\t\t\t\t\t<\/div>\n\t\t\t\t<\/div>\n\t\t\t\t\t<\/div>\n\t\t<\/div>\n\t\t\t\t\t<\/div>\n\t\t<\/section>\n\t\t\t\t<section class=\"elementor-section elementor-top-section elementor-element elementor-element-de400c1 elementor-section-boxed elementor-section-height-default elementor-section-height-default\" data-id=\"de400c1\" data-element_type=\"section\" data-e-type=\"section\">\n\t\t\t\t\t\t<div class=\"elementor-container elementor-column-gap-default\">\n\t\t\t\t\t<div class=\"elementor-column elementor-col-100 elementor-top-column elementor-element elementor-element-17256b9\" data-id=\"17256b9\" data-element_type=\"column\" data-e-type=\"column\">\n\t\t\t<div class=\"elementor-widget-wrap elementor-element-populated\">\n\t\t\t\t\t\t<div class=\"elementor-element elementor-element-a239703 elementor-widget elementor-widget-heading\" data-id=\"a239703\" data-element_type=\"widget\" data-e-type=\"widget\" data-widget_type=\"heading.default\">\n\t\t\t\t<div class=\"elementor-widget-container\">\n\t\t\t\t\t<h2 class=\"elementor-heading-title elementor-size-default\">Compromiso HES<\/h2>\t\t\t\t<\/div>\n\t\t\t\t<\/div>\n\t\t\t\t<div class=\"elementor-element elementor-element-57acca7 elementor-widget elementor-widget-text-editor\" data-id=\"57acca7\" data-element_type=\"widget\" data-e-type=\"widget\" data-widget_type=\"text-editor.default\">\n\t\t\t\t<div class=\"elementor-widget-container\">\n\t\t\t\t\t\t\t\t\t<p>La Salud, Seguridad Ocupacional y el cuidado del Medio Ambiente son responsabilidades gerenciales. Tener un excelente desempe\u00f1o en HES no solamente necesita de infraestructura y equipamiento t\u00e9cnicamente adecuados, sino tambi\u00e9n Liderazgo, personal competente, una cultura de HES proactiva y un alto nivel de alerta en cuestiones de HES.<\/p><p>En todas nuestras operaciones, &#8220;La Subsidiaria&#8221; est\u00e1 comprometida a:<\/p><ul><li>Cumplir con todas las leyes y requisitos aplicables de la Rep\u00fablica Argentina, los est\u00e1ndares corporativos de la Compa\u00f1\u00eda y con todo compromiso voluntariamente asumido, respetando la cultura y costumbres locales.<\/li><li>Realizar Identificaci\u00f3n de Peligros y Evaluaci\u00f3n de Riesgos conforme los procedimientos de la Compa\u00f1\u00eda y la normativa local aplicable. Ninguna actividad es tan importante como para no hacerla de modo seguro.<\/li><li>Evaluar las cuestiones del contexto que requieran una respuesta \u00e1gil y din\u00e1mica por parte de la Compa\u00f1\u00eda para adecuar su sistema \u00a0gesti\u00f3n de HES a las condiciones cambiantes del entorno.<\/li><li>Garantizar que todos nuestros empleados y contratistas est\u00e9n informados y capacitados de acuerdo a los requisitos y competencias de HES que aplican a su actividad.<\/li><li>Asegurar un compromiso activo y liderazgo visible de la direcci\u00f3n y un comportamiento responsable y consiente en temas de HES de todos nuestros colaboradores y contratistas.<\/li><li>Desarrollar las actividades previniendo la contaminaci\u00f3n ambiental, protegiendo el medio ambiente en general y fomentando la preservaci\u00f3n y uso racional de los recursos naturales, trabajando en la mejora continua mediante el perfeccionamiento de su sistema de gesti\u00f3n para mejorar el desempe\u00f1o ambiental.<\/li><li>Gestionar los Aspectos Ambientales para cumplir con los requisitos legales y otros requisitos, abordando los riesgos y oportunidades orientados a prevenir la contaminaci\u00f3n y proteger el medio ambiente desde una perspectiva de ciclo de vida.<\/li><li>Planificar y dise\u00f1ar nuestras instalaciones y operaciones cumpliendo con las normas y requisitos Corporativos y legales aplicables de la Argentina, con el objetivo de prevenir la contaminaci\u00f3n y permitir una operaci\u00f3n segura.<\/li><li>Asegurar que las pr\u00e1cticas y procedimientos que aplican nuestros contratistas en el \u00e1rea de HES sean consistentes con la pol\u00edtica HES de la Compa\u00f1\u00eda y los requisitos del sistema de gesti\u00f3n HES (HES-MS).<\/li><li>Apoyar a los colaboradores de la Compa\u00f1\u00eda y de nuestros contratistas a intervenir y detener actividades que consideren representan una amenaza importante para la seguridad del personal o la posibilidad de una severa contaminaci\u00f3n al ambiente.<\/li><li>Mantener una comunicaci\u00f3n fluida e intercambiar informaci\u00f3n con autoridades de aplicaci\u00f3n, socios, proveedores, vecinos y grupos de inter\u00e9s p\u00fablico.<\/li><li>Reportar todos los incidentes y cuasi accidentes y realizar las investigaciones necesarias para identificar su causa ra\u00edz y prevenir su repetici\u00f3n.<\/li><li>Verificar y auditar de manera regular la efectividad del sistema de gesti\u00f3n HES, procurando su mejora continua.<\/li><li>Medir y reportar de manera regular el desempe\u00f1o en el \u00e1rea de HES.<\/li><li>Implementar un sistema de gesti\u00f3n HES que nos permita avanzar hacia un Desarrollo Sustentable.<\/li><li>La Subsidiaria se compromete a gestionar los riesgos sistem\u00e1ticamente y trabajar en la mejora continua para brindar un sistema de trabajo que proteja la salud y la seguridad de nuestros empleados y contratistas, operando sus instalaciones de una manera responsable.<\/li><\/ul>\t\t\t\t\t\t\t\t<\/div>\n\t\t\t\t<\/div>\n\t\t\t\t\t<\/div>\n\t\t<\/div>\n\t\t\t\t\t<\/div>\n\t\t<\/section>\n\t\t\t\t<\/div>\n\t\t","protected":false},"excerpt":{"rendered":"<p>Pol\u00edtica de Salud, Seguridad y Medio Ambiente Pol\u00edtica de HES La seguridad de todos los empleados de La Subsidiaria, y nuestros contratistas es una prioridad fundamental en nuestras operaciones y hacemos \u00e9nfasis en la prevenci\u00f3n de accidentes. Todos los empleados son alentados y capacitados para aportar a la mejora continua en el desempe\u00f1o de la [&hellip;]<\/p>\n","protected":false},"author":1,"featured_media":0,"parent":0,"menu_order":0,"comment_status":"closed","ping_status":"closed","template":"","meta":{"ocean_post_layout":"","ocean_both_sidebars_style":"","ocean_both_sidebars_content_width":0,"ocean_both_sidebars_sidebars_width":0,"ocean_sidebar":"0","ocean_second_sidebar":"0","ocean_disable_margins":"enable","ocean_add_body_class":"","ocean_shortcode_before_top_bar":"","ocean_shortcode_after_top_bar":"","ocean_shortcode_before_header":"","ocean_shortcode_after_header":"","ocean_has_shortcode":"","ocean_shortcode_after_title":"","ocean_shortcode_before_footer_widgets":"","ocean_shortcode_after_footer_widgets":"","ocean_shortcode_before_footer_bottom":"","ocean_shortcode_after_footer_bottom":"","ocean_display_top_bar":"default","ocean_display_header":"default","ocean_header_style":"","ocean_center_header_left_menu":"0","ocean_custom_header_template":"0","ocean_custom_logo":0,"ocean_custom_retina_logo":0,"ocean_custom_logo_max_width":0,"ocean_custom_logo_tablet_max_width":0,"ocean_custom_logo_mobile_max_width":0,"ocean_custom_logo_max_height":0,"ocean_custom_logo_tablet_max_height":0,"ocean_custom_logo_mobile_max_height":0,"ocean_header_custom_menu":"0","ocean_menu_typo_font_family":"0","ocean_menu_typo_font_subset":"","ocean_menu_typo_font_size":0,"ocean_menu_typo_font_size_tablet":0,"ocean_menu_typo_font_size_mobile":0,"ocean_menu_typo_font_size_unit":"px","ocean_menu_typo_font_weight":"","ocean_menu_typo_font_weight_tablet":"","ocean_menu_typo_font_weight_mobile":"","ocean_menu_typo_transform":"","ocean_menu_typo_transform_tablet":"","ocean_menu_typo_transform_mobile":"","ocean_menu_typo_line_height":0,"ocean_menu_typo_line_height_tablet":0,"ocean_menu_typo_line_height_mobile":0,"ocean_menu_typo_line_height_unit":"","ocean_menu_typo_spacing":0,"ocean_menu_typo_spacing_tablet":0,"ocean_menu_typo_spacing_mobile":0,"ocean_menu_typo_spacing_unit":"","ocean_menu_link_color":"","ocean_menu_link_color_hover":"","ocean_menu_link_color_active":"","ocean_menu_link_background":"","ocean_menu_link_hover_background":"","ocean_menu_link_active_background":"","ocean_menu_social_links_bg":"","ocean_menu_social_hover_links_bg":"","ocean_menu_social_links_color":"","ocean_menu_social_hover_links_color":"","ocean_disable_title":"default","ocean_disable_heading":"default","ocean_post_title":"","ocean_post_subheading":"","ocean_post_title_style":"","ocean_post_title_background_color":"","ocean_post_title_background":0,"ocean_post_title_bg_image_position":"","ocean_post_title_bg_image_attachment":"","ocean_post_title_bg_image_repeat":"","ocean_post_title_bg_image_size":"","ocean_post_title_height":0,"ocean_post_title_bg_overlay":0.5,"ocean_post_title_bg_overlay_color":"","ocean_disable_breadcrumbs":"default","ocean_breadcrumbs_color":"","ocean_breadcrumbs_separator_color":"","ocean_breadcrumbs_links_color":"","ocean_breadcrumbs_links_hover_color":"","ocean_display_footer_widgets":"default","ocean_display_footer_bottom":"default","ocean_custom_footer_template":"0","footnotes":""},"class_list":["post-2412","page","type-page","status-publish","hentry","entry"],"_links":{"self":[{"href":"https:\/\/cgc.energy\/esp\/wp-json\/wp\/v2\/pages\/2412","targetHints":{"allow":["GET"]}}],"collection":[{"href":"https:\/\/cgc.energy\/esp\/wp-json\/wp\/v2\/pages"}],"about":[{"href":"https:\/\/cgc.energy\/esp\/wp-json\/wp\/v2\/types\/page"}],"author":[{"embeddable":true,"href":"https:\/\/cgc.energy\/esp\/wp-json\/wp\/v2\/users\/1"}],"replies":[{"embeddable":true,"href":"https:\/\/cgc.energy\/esp\/wp-json\/wp\/v2\/comments?post=2412"}],"version-history":[{"count":13,"href":"https:\/\/cgc.energy\/esp\/wp-json\/wp\/v2\/pages\/2412\/revisions"}],"predecessor-version":[{"id":3134,"href":"https:\/\/cgc.energy\/esp\/wp-json\/wp\/v2\/pages\/2412\/revisions\/3134"}],"wp:attachment":[{"href":"https:\/\/cgc.energy\/esp\/wp-json\/wp\/v2\/media?parent=2412"}],"curies":[{"name":"wp","href":"https:\/\/api.w.org\/{rel}","templated":true}]}}