{"id":2195,"date":"2021-06-30T15:04:25","date_gmt":"2021-06-30T15:04:25","guid":{"rendered":"http:\/\/somoscgc.energy\/esp\/?page_id=2195"},"modified":"2022-04-06T13:57:52","modified_gmt":"2022-04-06T13:57:52","slug":"cgc-sinopec","status":"publish","type":"page","link":"https:\/\/cgc.energy\/esp\/cgc-sinopec\/","title":{"rendered":"CGC COMPRA SINOPEC ARGENTINA"},"content":{"rendered":"\t\t<div data-elementor-type=\"wp-page\" data-elementor-id=\"2195\" class=\"elementor elementor-2195\" data-elementor-post-type=\"page\">\n\t\t\t\t\t\t<section class=\"elementor-section elementor-top-section elementor-element elementor-element-1580526 elementor-section-boxed elementor-section-height-default elementor-section-height-default\" data-id=\"1580526\" data-element_type=\"section\" data-e-type=\"section\">\n\t\t\t\t\t\t<div class=\"elementor-container elementor-column-gap-default\">\n\t\t\t\t\t<div class=\"elementor-column elementor-col-100 elementor-top-column elementor-element elementor-element-513bcc4\" data-id=\"513bcc4\" data-element_type=\"column\" data-e-type=\"column\">\n\t\t\t<div class=\"elementor-widget-wrap elementor-element-populated\">\n\t\t\t\t\t\t<div class=\"elementor-element elementor-element-915e5d2 elementor-widget elementor-widget-heading\" data-id=\"915e5d2\" data-element_type=\"widget\" data-e-type=\"widget\" data-widget_type=\"heading.default\">\n\t\t\t\t<div class=\"elementor-widget-container\">\n\t\t\t\t\t<h2 class=\"elementor-heading-title elementor-size-default\">CGC COMPRA SINOPEC ARGENTINA<\/h2>\t\t\t\t<\/div>\n\t\t\t\t<\/div>\n\t\t\t\t<div class=\"elementor-element elementor-element-0c14770 elementor-widget elementor-widget-spacer\" data-id=\"0c14770\" data-element_type=\"widget\" data-e-type=\"widget\" data-widget_type=\"spacer.default\">\n\t\t\t\t<div class=\"elementor-widget-container\">\n\t\t\t\t\t\t\t<div class=\"elementor-spacer\">\n\t\t\t<div class=\"elementor-spacer-inner\"><\/div>\n\t\t<\/div>\n\t\t\t\t\t\t<\/div>\n\t\t\t\t<\/div>\n\t\t\t\t<div class=\"elementor-element elementor-element-405ab8f elementor-widget elementor-widget-heading\" data-id=\"405ab8f\" data-element_type=\"widget\" data-e-type=\"widget\" data-widget_type=\"heading.default\">\n\t\t\t\t<div class=\"elementor-widget-container\">\n\t\t\t\t\t<h2 class=\"elementor-heading-title elementor-size-default\">CGC pasar\u00e1 a producir m\u00e1s de 50.000 boe\/d (barriles equivalentes de petr\u00f3leo por d\u00eda)<\/h2>\t\t\t\t<\/div>\n\t\t\t\t<\/div>\n\t\t\t\t<div class=\"elementor-element elementor-element-fba7560 elementor-widget elementor-widget-heading\" data-id=\"fba7560\" data-element_type=\"widget\" data-e-type=\"widget\" data-widget_type=\"heading.default\">\n\t\t\t\t<div class=\"elementor-widget-container\">\n\t\t\t\t\t<h2 class=\"elementor-heading-title elementor-size-default\">Esta operaci\u00f3n reafirma la visi\u00f3n de CGC de continuar invirtiendo y creciendo en Argentina\n<\/h2>\t\t\t\t<\/div>\n\t\t\t\t<\/div>\n\t\t\t\t<div class=\"elementor-element elementor-element-351913f elementor-widget elementor-widget-spacer\" data-id=\"351913f\" data-element_type=\"widget\" data-e-type=\"widget\" data-widget_type=\"spacer.default\">\n\t\t\t\t<div class=\"elementor-widget-container\">\n\t\t\t\t\t\t\t<div class=\"elementor-spacer\">\n\t\t\t<div class=\"elementor-spacer-inner\"><\/div>\n\t\t<\/div>\n\t\t\t\t\t\t<\/div>\n\t\t\t\t<\/div>\n\t\t\t\t<div class=\"elementor-element elementor-element-28a18ad elementor-widget elementor-widget-text-editor\" data-id=\"28a18ad\" data-element_type=\"widget\" data-e-type=\"widget\" data-widget_type=\"text-editor.default\">\n\t\t\t\t<div class=\"elementor-widget-container\">\n\t\t\t\t\t\t\t\t\t<p>Compa\u00f1\u00eda General de Combustibles S.A. (CGC) cerr\u00f3 hoy la compra de Sinopec Argentina Exploration and Production. Con esta adquisici\u00f3n, CGC incrementa sustantivamente su producci\u00f3n a m\u00e1s de 50.000 barriles equivalentes de petr\u00f3leo diarios (boe\/d), llevando su producci\u00f3n total a un mix de 63% en gas y 37% en petr\u00f3leo (anteriormente con valores del 85% y 15% respectivamente). En t\u00e9rminos de reservas probadas repercutir\u00e1 en un incremento de m\u00e1s del 50% de las mismas (de 59 MM boe a 90 MM boe).<span class=\"Apple-converted-space\">\u00a0<\/span><\/p><p>Los activos de Sinopec Argentina cubren m\u00e1s de 4.600 km2, con la mayor parte de ellos ubicados en la Cuenca del Golfo de San Jorge y tambi\u00e9n en la Cuenca Cuyana. Tambi\u00e9n tiene participaci\u00f3n en Termap, la operadora de las terminales portuarias de Caleta Olivia (Santa Cruz) y Caleta C\u00f3rdova (Chubut).<span class=\"Apple-converted-space\">\u00a0<\/span><\/p><p>CGC es una compa\u00f1\u00eda que acaba de cumplir <b>100 a\u00f1os<\/b> en la Argentina. Estaba produciendo <b>8.500 boe\/d<\/b> cuando a principios de <b>2013<\/b> el holding Corporaci\u00f3n Am\u00e9rica adquiri\u00f3 el control de la compa\u00f1\u00eda. Su socia en CGC, con el 30% restante de las acciones, es Sociedad Comercial del Plata, grupo econ\u00f3mico argentino que cotiza en la Bolsa de Comercio de Buenos Aires.<span class=\"Apple-converted-space\">\u00a0<\/span><\/p><p>En <b>2015,<\/b> CGC dio otro paso relevante en su crecimiento al adquirir los activos de Petrobras Argentina en la Cuenca Austral, en el sur de la provincia de Santa Cruz. Esto posicion\u00f3 a la compa\u00f1\u00eda como el operador m\u00e1s importante de dicha cuenca en la provincia de Santa Cruz, con una producci\u00f3n de <b>20.000 boe\/d.<\/b><span class=\"Apple-converted-space\">\u00a0<\/span><\/p><p><b>Entre 2015 y 2020,<\/b> mediante un agresivo plan de inversiones, CGC logr\u00f3 triplicar la producci\u00f3n de gas, desarrollando exitosamente los yacimientos no convencionales de <i>tight<\/i> gas de Campo Indio y El Cerrito. As\u00ed, a <b>fines de 2019<\/b>, CGC alcanzaba una producci\u00f3n record de <b>37.000 boe\/d<\/b>.<span class=\"Apple-converted-space\">\u00a0<\/span><\/p><p><b>Con la adquisici\u00f3n de Sinopec, CGC superar\u00e1 los 50.000 boe\/d.<\/b><\/p><p><a href=\"http:\/\/somoscgc.energy\/esp\/wp-content\/uploads\/2021\/06\/Captura-2021-06-30-a-las-18.03.59.png\"><img fetchpriority=\"high\" decoding=\"async\" class=\"alignnone size-full wp-image-2257\" src=\"http:\/\/somoscgc.energy\/esp\/wp-content\/uploads\/2021\/06\/Captura-2021-06-30-a-las-18.03.59.png\" alt=\"\" width=\"3730\" height=\"2092\" srcset=\"https:\/\/cgc.energy\/esp\/wp-content\/uploads\/2021\/06\/Captura-2021-06-30-a-las-18.03.59.png 3730w, https:\/\/cgc.energy\/esp\/wp-content\/uploads\/2021\/06\/Captura-2021-06-30-a-las-18.03.59-300x168.png 300w, https:\/\/cgc.energy\/esp\/wp-content\/uploads\/2021\/06\/Captura-2021-06-30-a-las-18.03.59-1024x574.png 1024w, https:\/\/cgc.energy\/esp\/wp-content\/uploads\/2021\/06\/Captura-2021-06-30-a-las-18.03.59-768x431.png 768w, https:\/\/cgc.energy\/esp\/wp-content\/uploads\/2021\/06\/Captura-2021-06-30-a-las-18.03.59-1536x861.png 1536w, https:\/\/cgc.energy\/esp\/wp-content\/uploads\/2021\/06\/Captura-2021-06-30-a-las-18.03.59-2048x1149.png 2048w\" sizes=\"(max-width: 3730px) 100vw, 3730px\" \/><\/a><\/p><p>En la Cuenca Austral, CGC ejecut\u00f3 la campa\u00f1a exploratoria m\u00e1s ambiciosa de las \u00faltimas dos d\u00e9cadas, con m\u00e1s de 1.600 km2 de s\u00edsmica 3D y la perforaci\u00f3n de 21 pozos exploratorios.<\/p><p>Adicionalmente, y con el objetivo de maximizar sus posibilidades de comercializaci\u00f3n de gas, avanz\u00f3 en la planificaci\u00f3n y ejecuci\u00f3n del Proyecto de Almacenamiento de Gas Subterr\u00e1neo Sur R\u00edo Chico, pionero en la Cuenca Austral.<\/p><p>CGC es, adem\u00e1s, uno de los principales operadores de transporte de gas del pa\u00eds a trav\u00e9s de sus participaciones accionarias en TGN, GasAndes y TGM con 7.540 km de gasoductos en el pa\u00eds y con interconexiones con Brasil, Chile y Bolivia.<span class=\"Apple-converted-space\">\u00a0<\/span><\/p><p><b>Hugo Eurnekian<\/b>, presidente y CEO de CGC, se refiri\u00f3 a la importancia que tiene esta transacci\u00f3n, \u201cya que reafirma la visi\u00f3n de CGC de continuar invirtiendo y creciendo en Argentina\u201d. \u201cEstamos convencidos del enorme y diverso potencial que ofrece la geolog\u00eda de nuestro pa\u00eds, no s\u00f3lo en <i>shale<\/i> sino especialmente en <i>tight<\/i> y en convencional: este paso que estamos dando es una prueba de ello\u201d. Por \u00faltimo, se\u00f1al\u00f3: \u201cEstamos felices de que este nuevo hito en nuestro crecimiento se produzca en Santa Cruz, una provincia de la que nos sentimos parte y donde CGC esta presente hace casi 30 a\u00f1os.\u201d<\/p><p>CGC desea destacar el trabajo conjunto de todas las personas involucradas en la concreci\u00f3n de esta operaci\u00f3n, que fue buscada y planificada durante mucho tiempo, y que abre importantes proyecciones a futuro tanto para la compa\u00f1\u00eda como para el pa\u00eds.<span class=\"Apple-converted-space\">\u00a0<\/span><\/p><p>CGC es parte de Corporaci\u00f3n Am\u00e9rica International, un grupo econ\u00f3mico de origen argentino, que invierte desde hace tres d\u00e9cadas tanto en Argentina como en Sudam\u00e9rica y Europa en sectores como aeropuertos, infraestructura, tecnolog\u00eda y energ\u00eda.<span class=\"Apple-converted-space\">\u00a0<\/span><\/p><p>Desde que fue adquirida por Corporaci\u00f3n Am\u00e9rica en 2013, CGC lleva invertidos m\u00e1s de 1.500 MM USD en el desarrollo de la energ\u00eda de la Argentina. <span class=\"Apple-converted-space\">\u00a0<\/span><\/p><p>Buenos Aires, 30 de junio de 2021<\/p>\t\t\t\t\t\t\t\t<\/div>\n\t\t\t\t<\/div>\n\t\t\t\t\t<\/div>\n\t\t<\/div>\n\t\t\t\t\t<\/div>\n\t\t<\/section>\n\t\t\t\t<\/div>\n\t\t","protected":false},"excerpt":{"rendered":"<p>CGC COMPRA SINOPEC ARGENTINA CGC pasar\u00e1 a producir m\u00e1s de 50.000 boe\/d (barriles equivalentes de petr\u00f3leo por d\u00eda) Esta operaci\u00f3n reafirma la visi\u00f3n de CGC de continuar invirtiendo y creciendo en Argentina Compa\u00f1\u00eda General de Combustibles S.A. (CGC) cerr\u00f3 hoy la compra de Sinopec Argentina Exploration and Production. Con esta adquisici\u00f3n, CGC incrementa sustantivamente su [&hellip;]<\/p>\n","protected":false},"author":1,"featured_media":0,"parent":0,"menu_order":0,"comment_status":"closed","ping_status":"closed","template":"","meta":{"ocean_post_layout":"","ocean_both_sidebars_style":"","ocean_both_sidebars_content_width":0,"ocean_both_sidebars_sidebars_width":0,"ocean_sidebar":"0","ocean_second_sidebar":"0","ocean_disable_margins":"enable","ocean_add_body_class":"","ocean_shortcode_before_top_bar":"","ocean_shortcode_after_top_bar":"","ocean_shortcode_before_header":"","ocean_shortcode_after_header":"","ocean_has_shortcode":"","ocean_shortcode_after_title":"","ocean_shortcode_before_footer_widgets":"","ocean_shortcode_after_footer_widgets":"","ocean_shortcode_before_footer_bottom":"","ocean_shortcode_after_footer_bottom":"","ocean_display_top_bar":"default","ocean_display_header":"default","ocean_header_style":"","ocean_center_header_left_menu":"0","ocean_custom_header_template":"0","ocean_custom_logo":0,"ocean_custom_retina_logo":0,"ocean_custom_logo_max_width":0,"ocean_custom_logo_tablet_max_width":0,"ocean_custom_logo_mobile_max_width":0,"ocean_custom_logo_max_height":0,"ocean_custom_logo_tablet_max_height":0,"ocean_custom_logo_mobile_max_height":0,"ocean_header_custom_menu":"0","ocean_menu_typo_font_family":"0","ocean_menu_typo_font_subset":"","ocean_menu_typo_font_size":0,"ocean_menu_typo_font_size_tablet":0,"ocean_menu_typo_font_size_mobile":0,"ocean_menu_typo_font_size_unit":"px","ocean_menu_typo_font_weight":"","ocean_menu_typo_font_weight_tablet":"","ocean_menu_typo_font_weight_mobile":"","ocean_menu_typo_transform":"","ocean_menu_typo_transform_tablet":"","ocean_menu_typo_transform_mobile":"","ocean_menu_typo_line_height":0,"ocean_menu_typo_line_height_tablet":0,"ocean_menu_typo_line_height_mobile":0,"ocean_menu_typo_line_height_unit":"","ocean_menu_typo_spacing":0,"ocean_menu_typo_spacing_tablet":0,"ocean_menu_typo_spacing_mobile":0,"ocean_menu_typo_spacing_unit":"","ocean_menu_link_color":"","ocean_menu_link_color_hover":"#dddddd","ocean_menu_link_color_active":"","ocean_menu_link_background":"","ocean_menu_link_hover_background":"","ocean_menu_link_active_background":"","ocean_menu_social_links_bg":"","ocean_menu_social_hover_links_bg":"","ocean_menu_social_links_color":"","ocean_menu_social_hover_links_color":"","ocean_disable_title":"on","ocean_disable_heading":"default","ocean_post_title":"","ocean_post_subheading":"","ocean_post_title_style":"","ocean_post_title_background_color":"","ocean_post_title_background":0,"ocean_post_title_bg_image_position":"","ocean_post_title_bg_image_attachment":"","ocean_post_title_bg_image_repeat":"","ocean_post_title_bg_image_size":"","ocean_post_title_height":0,"ocean_post_title_bg_overlay":0.5,"ocean_post_title_bg_overlay_color":"","ocean_disable_breadcrumbs":"on","ocean_breadcrumbs_color":"","ocean_breadcrumbs_separator_color":"","ocean_breadcrumbs_links_color":"","ocean_breadcrumbs_links_hover_color":"","ocean_display_footer_widgets":"default","ocean_display_footer_bottom":"default","ocean_custom_footer_template":"0","footnotes":""},"class_list":["post-2195","page","type-page","status-publish","hentry","entry"],"_links":{"self":[{"href":"https:\/\/cgc.energy\/esp\/wp-json\/wp\/v2\/pages\/2195","targetHints":{"allow":["GET"]}}],"collection":[{"href":"https:\/\/cgc.energy\/esp\/wp-json\/wp\/v2\/pages"}],"about":[{"href":"https:\/\/cgc.energy\/esp\/wp-json\/wp\/v2\/types\/page"}],"author":[{"embeddable":true,"href":"https:\/\/cgc.energy\/esp\/wp-json\/wp\/v2\/users\/1"}],"replies":[{"embeddable":true,"href":"https:\/\/cgc.energy\/esp\/wp-json\/wp\/v2\/comments?post=2195"}],"version-history":[{"count":22,"href":"https:\/\/cgc.energy\/esp\/wp-json\/wp\/v2\/pages\/2195\/revisions"}],"predecessor-version":[{"id":3247,"href":"https:\/\/cgc.energy\/esp\/wp-json\/wp\/v2\/pages\/2195\/revisions\/3247"}],"wp:attachment":[{"href":"https:\/\/cgc.energy\/esp\/wp-json\/wp\/v2\/media?parent=2195"}],"curies":[{"name":"wp","href":"https:\/\/api.w.org\/{rel}","templated":true}]}}