{"id":20,"date":"2019-01-18T16:44:54","date_gmt":"2019-01-18T16:44:54","guid":{"rendered":"http:\/\/www.es.cgc.energy\/?page_id=20"},"modified":"2022-04-20T17:46:15","modified_gmt":"2022-04-20T17:46:15","slug":"nuestra-historia","status":"publish","type":"page","link":"https:\/\/cgc.energy\/esp\/nuestra-historia\/","title":{"rendered":"Nuestra Historia"},"content":{"rendered":"\t\t<div data-elementor-type=\"wp-post\" data-elementor-id=\"20\" class=\"elementor elementor-20\" data-elementor-post-type=\"page\">\n\t\t\t\t\t\t<section class=\"elementor-section elementor-top-section elementor-element elementor-element-52ecc47 elementor-section-boxed elementor-section-height-default elementor-section-height-default\" data-id=\"52ecc47\" data-element_type=\"section\" data-e-type=\"section\">\n\t\t\t\t\t\t<div class=\"elementor-container elementor-column-gap-default\">\n\t\t\t\t\t<div class=\"elementor-column elementor-col-100 elementor-top-column elementor-element elementor-element-e1814f7\" data-id=\"e1814f7\" data-element_type=\"column\" data-e-type=\"column\">\n\t\t\t<div class=\"elementor-widget-wrap elementor-element-populated\">\n\t\t\t\t\t\t<div class=\"elementor-element elementor-element-46fe4f2 elementor-widget elementor-widget-spacer\" data-id=\"46fe4f2\" data-element_type=\"widget\" data-e-type=\"widget\" data-widget_type=\"spacer.default\">\n\t\t\t\t<div class=\"elementor-widget-container\">\n\t\t\t\t\t\t\t<div class=\"elementor-spacer\">\n\t\t\t<div class=\"elementor-spacer-inner\"><\/div>\n\t\t<\/div>\n\t\t\t\t\t\t<\/div>\n\t\t\t\t<\/div>\n\t\t\t\t<div class=\"elementor-element elementor-element-43427ec elementor-widget elementor-widget-heading\" data-id=\"43427ec\" data-element_type=\"widget\" data-e-type=\"widget\" data-widget_type=\"heading.default\">\n\t\t\t\t<div class=\"elementor-widget-container\">\n\t\t\t\t\t<h2 class=\"elementor-heading-title elementor-size-default\">NUESTRA HISTORIA<\/h2>\t\t\t\t<\/div>\n\t\t\t\t<\/div>\n\t\t\t\t<div class=\"elementor-element elementor-element-8ebc9c7 elementor-widget elementor-widget-text-editor\" data-id=\"8ebc9c7\" data-element_type=\"widget\" data-e-type=\"widget\" data-widget_type=\"text-editor.default\">\n\t\t\t\t<div class=\"elementor-widget-container\">\n\t\t\t\t\t\t\t\t\t<p>Nuestra compa\u00f1\u00eda ha evolucionado a lo largo de sus casi 100 a\u00f1os de historia: naci\u00f3 como una empresa de comercializaci\u00f3n y transporte de fuel oil y di\u00e9sel en 1920. Hoy somos una compa\u00f1\u00eda independiente l\u00edder en exploraci\u00f3n y producci\u00f3n de petr\u00f3leo y gas que opera en la Argentina, focalizada principalmente en la Cuenca Austral.<\/p><p>Estos son los acontecimientos m\u00e1s importantes de nuestra historia reciente:<\/p>\t\t\t\t\t\t\t\t<\/div>\n\t\t\t\t<\/div>\n\t\t\t\t\t<\/div>\n\t\t<\/div>\n\t\t\t\t\t<\/div>\n\t\t<\/section>\n\t\t\t\t<section class=\"elementor-section elementor-top-section elementor-element elementor-element-c67a187 elementor-section-boxed elementor-section-height-default elementor-section-height-default\" data-id=\"c67a187\" data-element_type=\"section\" data-e-type=\"section\">\n\t\t\t\t\t\t<div class=\"elementor-container elementor-column-gap-default\">\n\t\t\t\t\t<div class=\"elementor-column elementor-col-100 elementor-top-column elementor-element elementor-element-de4a035\" data-id=\"de4a035\" data-element_type=\"column\" data-e-type=\"column\">\n\t\t\t<div class=\"elementor-widget-wrap elementor-element-populated\">\n\t\t\t\t\t\t<div class=\"elementor-element elementor-element-56f4780 elementor-widget elementor-widget-be-timeline\" data-id=\"56f4780\" data-element_type=\"widget\" data-e-type=\"widget\" data-widget_type=\"be-timeline.default\">\n\t\t\t\t<div class=\"elementor-widget-container\">\n\t\t\t\t\t<ul class=\"be-pack timeline \"><li class=\"timeline-inverted\"> \n\t\t\t<div class=\"tl-circ\"><\/div>\n\t\t <div class=\"timeline-panel\">\n\t\t   <div class=\"tl-heading\">\n\t\t\t <div class=\"tl-content\">\n\n\t\t\t    \n\t\t\t\t\t\t\n\t\t\t\t\t\t<div class=\"be-desc\">\n\t\t\t\t\t\t\t<h2 class=\"be-title\">2021<\/h2>\t\t\t\t\t\t\t<div class=\"be-content\"> Adquisici\u00f3n de Sinopec Argentina Exploration and Production, en adelante \u201cLa Subsidiaria\u201d<\/div>\t\t\t\t\t\t<\/div>\n\n\t\t\t\t\t\n\t\t\t\t<\/div>\n\n\t\t\t<\/div>\n\t\t<\/div>\n\t\t\t<\/li>\n\t\t\t<li class=\"timeline-right\"> \n\t\t\t<div class=\"tl-circ\"><\/div>\n\t\t <div class=\"timeline-panel\">\n\t\t   <div class=\"tl-heading\">\n\t\t\t <div class=\"tl-content\">\n\n\t\t\t    \n\t\t\t\t\t\t\n\t\t\t\t\t\t<div class=\"be-desc\">\n\t\t\t\t\t\t\t<h2 class=\"be-title\">2018<\/h2>\t\t\t\t\t\t\t<div class=\"be-content\"><p>\u2022 Emisi\u00f3n de las primeras Obligaciones Negociables con recurso limitado en Argentina, con el objetivo de financiar el plan de inversiones de la compa\u00f1\u00eda.<\/p><p>\u2022 Operaci\u00f3n con dos equipos de perforaci\u00f3n durante todo el a\u00f1o, lo que implic\u00f3 un nivel de actividad mayor durante los \u00faltimos dos a\u00f1os que en la \u00faltima d\u00e9cada.<\/p><p>\u2022 Importante incremento de la producci\u00f3n y significativa evoluci\u00f3n del ratio de reemplazo de reservas, con un crecimiento de m\u00e1s del 100 % en la producci\u00f3n de gas natural.<\/p><p>\u2022 Incremento de las ventas y generaci\u00f3n de EBITDA, lo que permiti\u00f3 que la compa\u00f1\u00eda redujera su \u00edndice de apalancamiento de manera considerable.<\/p><p>\u2022 La Argentina reanud\u00f3 las exportaciones de gas natural por primera vez despu\u00e9s de alrededor de una d\u00e9cada, y CGC desempe\u00f1\u00f3 un papel protag\u00f3nico en este hito a trav\u00e9s de exportaciones a Chile, tanto desde la Cuenca Austral como desde la Cuenca Neuquina.<\/p><\/div>\t\t\t\t\t\t<\/div>\n\n\t\t\t\t\t\n\t\t\t\t<\/div>\n\n\t\t\t<\/div>\n\t\t<\/div>\n\t\t\t<\/li>\n\t\t\t<li class=\"timeline-inverted\"> \n\t\t\t<div class=\"tl-circ\"><\/div>\n\t\t <div class=\"timeline-panel\">\n\t\t   <div class=\"tl-heading\">\n\t\t\t <div class=\"tl-content\">\n\n\t\t\t    \n\t\t\t\t\t\t\n\t\t\t\t\t\t<div class=\"be-desc\">\n\t\t\t\t\t\t\t<h2 class=\"be-title\">2017<\/h2>\t\t\t\t\t\t\t<div class=\"be-content\"><p>\u2022 Operaci\u00f3n con dos equipos de perforaci\u00f3n durante la segunda mitad del a\u00f1o.<\/p><p>\u2022 Destacada recuperaci\u00f3n en la producci\u00f3n de gas, con un fuerte foco en el desarrollo de yacimientos no convencionales.<\/p><p>\u2022 Suscripci\u00f3n de un cr\u00e9dito sindicado con bancos locales e internacionales, con el objetivo de financiar el plan de inversiones de la compa\u00f1\u00eda.<\/p><p>\u2022 Otorgamiento de la concesi\u00f3n correspondiente al \u00e1rea Tap\u00ed Aike en Santa Cruz, una de las \u00e1reas con potencial exploratorio m\u00e1s extensas de la provincia, con un registro comprobado de \u00e9xito en la exploraci\u00f3n de gas.<\/p><p>\u2022 Firma de dos acuerdos de farmout con Echo Energy, una empresa brit\u00e1nica, para la exploraci\u00f3n de Tap\u00ed Aike y otras tres \u00e1reas en la Cuenca Austral (CGC opera estas joint ventures).<\/p><p>\u2022 \u00danico productor fuera de Vaca Muerta en recibir el Programa de Est\u00edmulo a las Inversiones en Desarrollos de Producci\u00f3n de Gas Natural proveniente de Reservorios no Convencionales.<\/p><\/div>\t\t\t\t\t\t<\/div>\n\n\t\t\t\t\t\n\t\t\t\t<\/div>\n\n\t\t\t<\/div>\n\t\t<\/div>\n\t\t\t<\/li>\n\t\t\t<li class=\"timeline-right\"> \n\t\t\t<div class=\"tl-circ\"><\/div>\n\t\t <div class=\"timeline-panel\">\n\t\t   <div class=\"tl-heading\">\n\t\t\t <div class=\"tl-content\">\n\n\t\t\t    \n\t\t\t\t\t\t\n\t\t\t\t\t\t<div class=\"be-desc\">\n\t\t\t\t\t\t\t<h2 class=\"be-title\">2016<\/h2>\t\t\t\t\t\t\t<div class=\"be-content\"><p>\u2022 La compa\u00f1\u00eda se mantuvo focalizada en el crecimiento interno, invirtiendo en sus \u00e1reas y prepar\u00e1ndose para aprovechar las nuevas oportunidades provistas por las nuevas reformas en la industria y el contexto macroecon\u00f3mico.<\/p><p>\u2022 Reemplazo del antiguo equipo de perforaci\u00f3n manual por un nuevo equipo semiautom\u00e1tico.<\/p><p>\u2022 Lanzamiento del primer bono internacional 144A\/Reg.S con el objetivo de cancelar deuda, mejorar el perfil de vencimientos y financiar el plan de inversiones.<\/p><\/div>\t\t\t\t\t\t<\/div>\n\n\t\t\t\t\t\n\t\t\t\t<\/div>\n\n\t\t\t<\/div>\n\t\t<\/div>\n\t\t\t<\/li>\n\t\t\t<li class=\"timeline-inverted\"> \n\t\t\t<div class=\"tl-circ\"><\/div>\n\t\t <div class=\"timeline-panel\">\n\t\t   <div class=\"tl-heading\">\n\t\t\t <div class=\"tl-content\">\n\n\t\t\t    \n\t\t\t\t\t\t\n\t\t\t\t\t\t<div class=\"be-desc\">\n\t\t\t\t\t\t\t<h2 class=\"be-title\">2015<\/h2>\t\t\t\t\t\t\t<div class=\"be-content\"><p>\u2022 Adquisici\u00f3n del negocio upstream de Petrobras Argentina en la cuenca Austral, lo que increment\u00f3 significativamente la producci\u00f3n y reservas.<\/p><p>\u2022 Primera campa\u00f1a de perforaci\u00f3n como \u00fanico operador de todos los activos en la cuenca Austral.<\/p><p>\u2022 Retorno a los mercados de capitales con la emisi\u00f3n de cinco bonos locales y un cr\u00e9dito sindicado con bancos locales e internacionales.<\/p><p>\u2022 El gobierno de Macri inici\u00f3 la normalizaci\u00f3n de los precios en la industria, e implement\u00f3 mecanismos de desregulaci\u00f3n y liberalizaci\u00f3n con el objetivo de terminar con los programas de incentivos y subsidios hacia fines de 2017.<\/p><\/div>\t\t\t\t\t\t<\/div>\n\n\t\t\t\t\t\n\t\t\t\t<\/div>\n\n\t\t\t<\/div>\n\t\t<\/div>\n\t\t\t<\/li>\n\t\t\t<li class=\"timeline-right\"> \n\t\t\t<div class=\"tl-circ\"><\/div>\n\t\t <div class=\"timeline-panel\">\n\t\t   <div class=\"tl-heading\">\n\t\t\t <div class=\"tl-content\">\n\n\t\t\t    \n\t\t\t\t\t\t\n\t\t\t\t\t\t<div class=\"be-desc\">\n\t\t\t\t\t\t\t<h2 class=\"be-title\">2013<\/h2>\t\t\t\t\t\t\t<div class=\"be-content\"><p>\u2022 Corporaci\u00f3n Am\u00e9rica, un holding con inversiones en los sectores de aeropuertos, agroindustria, energ\u00eda, infraestructura, servicios y tecnolog\u00eda, tanto en Latinoam\u00e9rica como en Europa, adquiri\u00f3 el 70 % de CGC a trav\u00e9s de Latin Exploration S. L. U., una compa\u00f1\u00eda espa\u00f1ola.<\/p><\/div>\t\t\t\t\t\t<\/div>\n\n\t\t\t\t\t\n\t\t\t\t<\/div>\n\n\t\t\t<\/div>\n\t\t<\/div>\n\t\t\t<\/li>\n\t\t\t<li class=\"timeline-inverted\"> \n\t\t\t<div class=\"tl-circ\"><\/div>\n\t\t <div class=\"timeline-panel\">\n\t\t   <div class=\"tl-heading\">\n\t\t\t <div class=\"tl-content\">\n\n\t\t\t    \n\t\t\t\t\t\t\n\t\t\t\t\t\t<div class=\"be-desc\">\n\t\t\t\t\t\t\t<h2 class=\"be-title\">2012<\/h2>\t\t\t\t\t\t\t<div class=\"be-content\"><p>\u2022 Salida del proceso concursal.<\/p><\/div>\t\t\t\t\t\t<\/div>\n\n\t\t\t\t\t\n\t\t\t\t<\/div>\n\n\t\t\t<\/div>\n\t\t<\/div>\n\t\t\t<\/li>\n\t\t\t<li class=\"timeline-right\"> \n\t\t\t<div class=\"tl-circ\"><\/div>\n\t\t <div class=\"timeline-panel\">\n\t\t   <div class=\"tl-heading\">\n\t\t\t <div class=\"tl-content\">\n\n\t\t\t    \n\t\t\t\t\t\t\n\t\t\t\t\t\t<div class=\"be-desc\">\n\t\t\t\t\t\t\t<h2 class=\"be-title\">2000<\/h2>\t\t\t\t\t\t\t<div class=\"be-content\"><p>\u2022 Convocatoria de acreedores, principalmente debido a deudas contra\u00eddas por el entonces accionista controlante de la compa\u00f1\u00eda, para el cual se hab\u00eda proporcionado una garant\u00eda.<\/p><\/div>\t\t\t\t\t\t<\/div>\n\n\t\t\t\t\t\n\t\t\t\t<\/div>\n\n\t\t\t<\/div>\n\t\t<\/div>\n\t\t\t<\/li>\n\t\t\t<li class=\"timeline-inverted\"> \n\t\t\t<div class=\"tl-circ\"><\/div>\n\t\t <div class=\"timeline-panel\">\n\t\t   <div class=\"tl-heading\">\n\t\t\t <div class=\"tl-content\">\n\n\t\t\t    \n\t\t\t\t\t\t\n\t\t\t\t\t\t<div class=\"be-desc\">\n\t\t\t\t\t\t\t<h2 class=\"be-title\"><\/h2>\t\t\t\t\t\t\t<div class=\"be-content\"><h2>90\u00b4s<\/h2><p>\u2022 Modificaci\u00f3n de nuestra estrategia comercial: vendimos nuestro negocio de downstream y nos focalizamos exclusivamente en el upstream.<\/p><p>\u2022 Adquirimos participaci\u00f3n en empresas l\u00edderes de transporte de gas en la Argentina y pa\u00edses vecinos.<\/p><p>\u2022 A fines de la d\u00e9cada de los noventa sufrimos dificultades financieras extremas.<\/p><\/div>\t\t\t\t\t\t<\/div>\n\n\t\t\t\t\t\n\t\t\t\t<\/div>\n\n\t\t\t<\/div>\n\t\t<\/div>\n\t\t\t<\/li>\n\t\t\t<li class=\"timeline-right\"> \n\t\t\t<div class=\"tl-circ\"><\/div>\n\t\t <div class=\"timeline-panel\">\n\t\t   <div class=\"tl-heading\">\n\t\t\t <div class=\"tl-content\">\n\n\t\t\t    \n\t\t\t\t\t\t\n\t\t\t\t\t\t<div class=\"be-desc\">\n\t\t\t\t\t\t\t<h2 class=\"be-title\"><\/h2>\t\t\t\t\t\t\t<div class=\"be-content\"><h2>80\u00b4s<\/h2><p>\u2022 Adquirimos participaciones en \u00e1reas de exploraci\u00f3n y producci\u00f3n de petr\u00f3leo y gas en toda la Argentina.<\/p><p>\u2022 Concentramos nuestros esfuerzos en la exploraci\u00f3n y producci\u00f3n de petr\u00f3leo crudo, gas natural y sus derivados.<\/p><\/div>\t\t\t\t\t\t<\/div>\n\n\t\t\t\t\t\n\t\t\t\t<\/div>\n\n\t\t\t<\/div>\n\t\t<\/div>\n\t\t\t<\/li>\n\t\t\t<li class=\"timeline-inverted\"> \n\t\t\t<div class=\"tl-circ\"><\/div>\n\t\t <div class=\"timeline-panel\">\n\t\t   <div class=\"tl-heading\">\n\t\t\t <div class=\"tl-content\">\n\n\t\t\t    \n\t\t\t\t\t\t\n\t\t\t\t\t\t<div class=\"be-desc\">\n\t\t\t\t\t\t\t<h2 class=\"be-title\">1920<\/h2>\t\t\t\t\t\t\t<div class=\"be-content\"><p>\u2022 En 1920 comenzamos a operar en la Argentina como una empresa de transporte y comercializaci\u00f3n de fuel oil y di\u00e9sel.<\/p><\/div>\t\t\t\t\t\t<\/div>\n\n\t\t\t\t\t\n\t\t\t\t<\/div>\n\n\t\t\t<\/div>\n\t\t<\/div>\n\t\t\t<\/li>\n\t\t\t \n      <\/ul>\n\n\t\t\t\t\t<\/div>\n\t\t\t\t<\/div>\n\t\t\t\t\t<\/div>\n\t\t<\/div>\n\t\t\t\t\t<\/div>\n\t\t<\/section>\n\t\t\t\t<\/div>\n\t\t","protected":false},"excerpt":{"rendered":"<p>NUESTRA HISTORIA Nuestra compa\u00f1\u00eda ha evolucionado a lo largo de sus casi 100 a\u00f1os de historia: naci\u00f3 como una empresa de comercializaci\u00f3n y transporte de fuel oil y di\u00e9sel en 1920. Hoy somos una compa\u00f1\u00eda independiente l\u00edder en exploraci\u00f3n y producci\u00f3n de petr\u00f3leo y gas que opera en la Argentina, focalizada principalmente en la Cuenca [&hellip;]<\/p>\n","protected":false},"author":1,"featured_media":0,"parent":0,"menu_order":0,"comment_status":"closed","ping_status":"closed","template":"","meta":{"ocean_post_layout":"full-width","ocean_both_sidebars_style":"","ocean_both_sidebars_content_width":0,"ocean_both_sidebars_sidebars_width":0,"ocean_sidebar":"0","ocean_second_sidebar":"0","ocean_disable_margins":"on","ocean_add_body_class":"","ocean_shortcode_before_top_bar":"","ocean_shortcode_after_top_bar":"","ocean_shortcode_before_header":"","ocean_shortcode_after_header":"","ocean_has_shortcode":"","ocean_shortcode_after_title":"","ocean_shortcode_before_footer_widgets":"","ocean_shortcode_after_footer_widgets":"","ocean_shortcode_before_footer_bottom":"","ocean_shortcode_after_footer_bottom":"","ocean_display_top_bar":"default","ocean_display_header":"default","ocean_header_style":"","ocean_center_header_left_menu":"0","ocean_custom_header_template":"0","ocean_custom_logo":0,"ocean_custom_retina_logo":0,"ocean_custom_logo_max_width":0,"ocean_custom_logo_tablet_max_width":0,"ocean_custom_logo_mobile_max_width":0,"ocean_custom_logo_max_height":0,"ocean_custom_logo_tablet_max_height":0,"ocean_custom_logo_mobile_max_height":0,"ocean_header_custom_menu":"0","ocean_menu_typo_font_family":"0","ocean_menu_typo_font_subset":"","ocean_menu_typo_font_size":0,"ocean_menu_typo_font_size_tablet":0,"ocean_menu_typo_font_size_mobile":0,"ocean_menu_typo_font_size_unit":"px","ocean_menu_typo_font_weight":"","ocean_menu_typo_font_weight_tablet":"","ocean_menu_typo_font_weight_mobile":"","ocean_menu_typo_transform":"","ocean_menu_typo_transform_tablet":"","ocean_menu_typo_transform_mobile":"","ocean_menu_typo_line_height":0,"ocean_menu_typo_line_height_tablet":0,"ocean_menu_typo_line_height_mobile":0,"ocean_menu_typo_line_height_unit":"","ocean_menu_typo_spacing":0,"ocean_menu_typo_spacing_tablet":0,"ocean_menu_typo_spacing_mobile":0,"ocean_menu_typo_spacing_unit":"","ocean_menu_link_color":"","ocean_menu_link_color_hover":"","ocean_menu_link_color_active":"","ocean_menu_link_background":"","ocean_menu_link_hover_background":"","ocean_menu_link_active_background":"","ocean_menu_social_links_bg":"","ocean_menu_social_hover_links_bg":"","ocean_menu_social_links_color":"","ocean_menu_social_hover_links_color":"","ocean_disable_title":"on","ocean_disable_heading":"default","ocean_post_title":"","ocean_post_subheading":"","ocean_post_title_style":"","ocean_post_title_background_color":"","ocean_post_title_background":0,"ocean_post_title_bg_image_position":"","ocean_post_title_bg_image_attachment":"","ocean_post_title_bg_image_repeat":"","ocean_post_title_bg_image_size":"","ocean_post_title_height":0,"ocean_post_title_bg_overlay":0.5,"ocean_post_title_bg_overlay_color":"","ocean_disable_breadcrumbs":"default","ocean_breadcrumbs_color":"","ocean_breadcrumbs_separator_color":"","ocean_breadcrumbs_links_color":"","ocean_breadcrumbs_links_hover_color":"","ocean_display_footer_widgets":"default","ocean_display_footer_bottom":"default","ocean_custom_footer_template":"0","footnotes":""},"class_list":["post-20","page","type-page","status-publish","hentry","entry"],"_links":{"self":[{"href":"https:\/\/cgc.energy\/esp\/wp-json\/wp\/v2\/pages\/20","targetHints":{"allow":["GET"]}}],"collection":[{"href":"https:\/\/cgc.energy\/esp\/wp-json\/wp\/v2\/pages"}],"about":[{"href":"https:\/\/cgc.energy\/esp\/wp-json\/wp\/v2\/types\/page"}],"author":[{"embeddable":true,"href":"https:\/\/cgc.energy\/esp\/wp-json\/wp\/v2\/users\/1"}],"replies":[{"embeddable":true,"href":"https:\/\/cgc.energy\/esp\/wp-json\/wp\/v2\/comments?post=20"}],"version-history":[{"count":81,"href":"https:\/\/cgc.energy\/esp\/wp-json\/wp\/v2\/pages\/20\/revisions"}],"predecessor-version":[{"id":3124,"href":"https:\/\/cgc.energy\/esp\/wp-json\/wp\/v2\/pages\/20\/revisions\/3124"}],"wp:attachment":[{"href":"https:\/\/cgc.energy\/esp\/wp-json\/wp\/v2\/media?parent=20"}],"curies":[{"name":"wp","href":"https:\/\/api.w.org\/{rel}","templated":true}]}}