{"id":18,"date":"2019-01-18T16:43:53","date_gmt":"2019-01-18T16:43:53","guid":{"rendered":"http:\/\/www.es.cgc.energy\/?page_id=18"},"modified":"2022-01-17T17:42:23","modified_gmt":"2022-01-17T17:42:23","slug":"quienessomos","status":"publish","type":"page","link":"https:\/\/cgc.energy\/esp\/quienessomos\/","title":{"rendered":"Quienes Somos"},"content":{"rendered":"\t\t<div data-elementor-type=\"wp-post\" data-elementor-id=\"18\" class=\"elementor elementor-18\" data-elementor-post-type=\"page\">\n\t\t\t\t\t\t<section class=\"elementor-section elementor-top-section elementor-element elementor-element-bdf278b elementor-section-content-middle elementor-section-height-min-height elementor-section-stretched elementor-section-boxed elementor-section-height-default elementor-section-items-middle\" data-id=\"bdf278b\" data-element_type=\"section\" data-e-type=\"section\" data-settings=\"{&quot;stretch_section&quot;:&quot;section-stretched&quot;,&quot;background_background&quot;:&quot;classic&quot;}\">\n\t\t\t\t\t\t<div class=\"elementor-container elementor-column-gap-no\">\n\t\t\t\t\t<div class=\"elementor-column elementor-col-100 elementor-top-column elementor-element elementor-element-f5457f6\" data-id=\"f5457f6\" data-element_type=\"column\" data-e-type=\"column\">\n\t\t\t<div class=\"elementor-widget-wrap\">\n\t\t\t\t\t\t\t<\/div>\n\t\t<\/div>\n\t\t\t\t\t<\/div>\n\t\t<\/section>\n\t\t\t\t<section class=\"elementor-section elementor-top-section elementor-element elementor-element-60c5105 elementor-section-boxed elementor-section-height-default elementor-section-height-default\" data-id=\"60c5105\" data-element_type=\"section\" data-e-type=\"section\">\n\t\t\t\t\t\t<div class=\"elementor-container elementor-column-gap-default\">\n\t\t\t\t\t<div class=\"elementor-column elementor-col-100 elementor-top-column elementor-element elementor-element-b9ede76\" data-id=\"b9ede76\" data-element_type=\"column\" data-e-type=\"column\">\n\t\t\t<div class=\"elementor-widget-wrap elementor-element-populated\">\n\t\t\t\t\t\t<div class=\"elementor-element elementor-element-73d3160 elementor-widget elementor-widget-spacer\" data-id=\"73d3160\" data-element_type=\"widget\" data-e-type=\"widget\" data-widget_type=\"spacer.default\">\n\t\t\t\t<div class=\"elementor-widget-container\">\n\t\t\t\t\t\t\t<div class=\"elementor-spacer\">\n\t\t\t<div class=\"elementor-spacer-inner\"><\/div>\n\t\t<\/div>\n\t\t\t\t\t\t<\/div>\n\t\t\t\t<\/div>\n\t\t\t\t\t<\/div>\n\t\t<\/div>\n\t\t\t\t\t<\/div>\n\t\t<\/section>\n\t\t\t\t<section class=\"elementor-section elementor-top-section elementor-element elementor-element-2b095c0 animated-fast elementor-section-boxed elementor-section-height-default elementor-section-height-default elementor-invisible\" data-id=\"2b095c0\" data-element_type=\"section\" data-e-type=\"section\" data-settings=\"{&quot;animation&quot;:&quot;fadeIn&quot;}\">\n\t\t\t\t\t\t<div class=\"elementor-container elementor-column-gap-default\">\n\t\t\t\t\t<div class=\"elementor-column elementor-col-100 elementor-top-column elementor-element elementor-element-e4d282e\" data-id=\"e4d282e\" data-element_type=\"column\" data-e-type=\"column\">\n\t\t\t<div class=\"elementor-widget-wrap elementor-element-populated\">\n\t\t\t\t\t\t<div class=\"elementor-element elementor-element-ad2dde7 elementor-widget elementor-widget-heading\" data-id=\"ad2dde7\" data-element_type=\"widget\" data-e-type=\"widget\" data-widget_type=\"heading.default\">\n\t\t\t\t<div class=\"elementor-widget-container\">\n\t\t\t\t\t<h2 class=\"elementor-heading-title elementor-size-default\">Quienes Somos<\/h2>\t\t\t\t<\/div>\n\t\t\t\t<\/div>\n\t\t\t\t<div class=\"elementor-element elementor-element-87628c8 elementor-widget elementor-widget-text-editor\" data-id=\"87628c8\" data-element_type=\"widget\" data-e-type=\"widget\" data-widget_type=\"text-editor.default\">\n\t\t\t\t<div class=\"elementor-widget-container\">\n\t\t\t\t\t\t\t\t\t<p>Somos parte del grupo Corporaci\u00f3n Am\u00e9rica, un holding familiar de origen argentino que invierte en el pa\u00eds desde hace d\u00e9cadas en \u00e1reas como aeropuertos, infraestructura, tecnolog\u00eda y energ\u00eda. Contamos con 100 a\u00f1os de trayectoria y somos una de las l\u00edderes en la industria de energ\u00eda en Argentina y nos dedicamos a la exploraci\u00f3n, explotaci\u00f3n, desarrollo y producci\u00f3n de hidrocarburos. Contando con una operaci\u00f3n de 8 MM acres, y nuestras actividades se concentran principalmente en la cuenca Austral continental y la cuenca del Golfo San Jorge, ambas localizadas en la provincia de Santa Cruz en el sur del pa\u00eds, as\u00ed como tambi\u00e9n en la cuenca Cuyana, provincia de Mendoza. <span class=\"Apple-converted-space\">\u00a0<\/span><\/p><p>Operamos y\/o tenemos participaci\u00f3n en m\u00e1s de 60 yacimientos de petr\u00f3leo y gas, distribuidos en nuestras principales \u00e1reas de operaci\u00f3n, as\u00ed como tambi\u00e9n en la Cuenca Neuquina y la cuenca del Noroeste.<\/p><p>Con una significativa infraestructura, contamos con plantas de tratamiento de petr\u00f3leo y gas natural, sistemas de recolecci\u00f3n y bater\u00edas en cada yacimiento y m\u00e1s de 5000 km de ductos de interconexi\u00f3n para transportar la producci\u00f3n actual y futura hasta su tratamiento.<span class=\"Apple-converted-space\">\u00a0<\/span><\/p><p>A su vez, operamos importantes instalaciones de almacenamiento y entrega, con terminal y puerto propios (con una capacidad aproximada de crudo de 140.000 m3) cerca del puerto de Punta Loyola, lo que nos permite acceder f\u00e1cilmente a distintos mercados.<\/p><p>Actualmente, somos la 6\u00aa empresa productora y operadora de Upstream del pa\u00eds, habiendo pasado de la posici\u00f3n n\u00famero 40 a ubicarnos entre las l\u00edderes en menos de 10 a\u00f1os, y poseemos la segunda mayor infraestructura de transporte de gas de Argentina.<\/p><p>Por otra parte, mantenemos una inversi\u00f3n relevante en la empresa TGN, la segunda red de gasoductos de la Argentina, localizada en el norte y centro del pa\u00eds. En 2020, esa red de gasoductos transport\u00f3 el 40 % del gas en el pa\u00eds. Dicha red est\u00e1 compuesta por 6.806 km de gasoductos, 20 Plantas Compresoras con un total de 375.620 HP de Potencia y una capacidad de transporte de 60 millones de metros c\u00fabicos por d\u00eda (MMm3\/d).<\/p><p>Nuestras actividades de producci\u00f3n y desarrollo se llevan a cabo a trav\u00e9s de 42 concesiones de producci\u00f3n y 3 permisos de exploraci\u00f3n, otorgados por los gobiernos federal y provincial. Manejamos la operaci\u00f3n de todas nuestras \u00e1reas en las cuencas Austral y Golfo San Jorge (superficie 30.230 km2), mientras que en la provincia de Mendoza operamos 2 \u00e1reas y somos socios en 3 \u00e1reas m\u00e1s (superficie 1789 km2). Desarrollando proyectos por cuenta propia o a trav\u00e9s de acuerdos con terceros como as\u00ed tambi\u00e9n contamos con producci\u00f3n de petr\u00f3leo y gas en el \u00e1rea de Aguarag\u00fce, en la Cuenca del Noroeste, la cual es operada por nuestro socio en dicho bloque.<\/p><p>Tenemos un fuerte compromiso en generar un impacto positivo en nuestro entorno, en impulsar el desarrollo de la regi\u00f3n y en contribuir a la generaci\u00f3n de bienestar para las comunidades de las zonas en las que desarrollamos nuestra operaci\u00f3n d\u00eda a d\u00eda.<\/p>\t\t\t\t\t\t\t\t<\/div>\n\t\t\t\t<\/div>\n\t\t\t\t<div class=\"elementor-element elementor-element-691319d elementor-widget elementor-widget-spacer\" data-id=\"691319d\" data-element_type=\"widget\" data-e-type=\"widget\" data-widget_type=\"spacer.default\">\n\t\t\t\t<div class=\"elementor-widget-container\">\n\t\t\t\t\t\t\t<div class=\"elementor-spacer\">\n\t\t\t<div class=\"elementor-spacer-inner\"><\/div>\n\t\t<\/div>\n\t\t\t\t\t\t<\/div>\n\t\t\t\t<\/div>\n\t\t\t\t\t<\/div>\n\t\t<\/div>\n\t\t\t\t\t<\/div>\n\t\t<\/section>\n\t\t\t\t<section class=\"elementor-section elementor-top-section elementor-element elementor-element-daaba12 elementor-section-stretched elementor-section-height-min-height elementor-section-boxed elementor-section-height-default elementor-section-items-middle\" data-id=\"daaba12\" data-element_type=\"section\" data-e-type=\"section\" data-settings=\"{&quot;stretch_section&quot;:&quot;section-stretched&quot;}\">\n\t\t\t\t\t\t<div class=\"elementor-container elementor-column-gap-no\">\n\t\t\t\t\t<div class=\"elementor-column elementor-col-100 elementor-top-column elementor-element elementor-element-1c78a07\" data-id=\"1c78a07\" data-element_type=\"column\" data-e-type=\"column\" data-settings=\"{&quot;background_background&quot;:&quot;gradient&quot;}\">\n\t\t\t<div class=\"elementor-widget-wrap elementor-element-populated\">\n\t\t\t\t\t\t<div class=\"elementor-element elementor-element-55b9a62 elementor-widget elementor-widget-heading\" data-id=\"55b9a62\" data-element_type=\"widget\" data-e-type=\"widget\" data-widget_type=\"heading.default\">\n\t\t\t\t<div class=\"elementor-widget-container\">\n\t\t\t\t\t<h2 class=\"elementor-heading-title elementor-size-default\">Viaje de dos minutos a nuestros activos.<\/h2>\t\t\t\t<\/div>\n\t\t\t\t<\/div>\n\t\t\t\t<div class=\"elementor-element elementor-element-fb2ecd3 elementor-widget elementor-widget-video\" data-id=\"fb2ecd3\" data-element_type=\"widget\" data-e-type=\"widget\" data-settings=\"{&quot;video_type&quot;:&quot;hosted&quot;,&quot;show_image_overlay&quot;:&quot;yes&quot;,&quot;image_overlay&quot;:{&quot;url&quot;:&quot;https:\\\/\\\/cgc.energy\\\/esp\\\/wp-content\\\/uploads\\\/2019\\\/02\\\/cgcweb24cgc-fotos-1300.jpg&quot;,&quot;id&quot;:690,&quot;size&quot;:&quot;&quot;,&quot;alt&quot;:&quot;&quot;,&quot;source&quot;:&quot;library&quot;},&quot;lightbox&quot;:&quot;yes&quot;,&quot;controls&quot;:&quot;yes&quot;}\" data-widget_type=\"video.default\">\n\t\t\t\t<div class=\"elementor-widget-container\">\n\t\t\t\t\t\t\t<div class=\"e-hosted-video elementor-wrapper elementor-open-lightbox\">\n\t\t\t\t\t\t\t<div class=\"elementor-custom-embed-image-overlay\" data-elementor-open-lightbox=\"yes\" data-elementor-lightbox=\"{&quot;type&quot;:&quot;video&quot;,&quot;videoType&quot;:&quot;hosted&quot;,&quot;url&quot;:&quot;https:\\\/\\\/www.cgc.energy\\\/videos\\\/CGCEspanolweblow2.mp4&quot;,&quot;autoplay&quot;:&quot;&quot;,&quot;modalOptions&quot;:{&quot;id&quot;:&quot;elementor-lightbox-fb2ecd3&quot;,&quot;entranceAnimation&quot;:&quot;&quot;,&quot;entranceAnimation_tablet&quot;:&quot;&quot;,&quot;entranceAnimation_mobile&quot;:&quot;&quot;,&quot;videoAspectRatio&quot;:&quot;169&quot;},&quot;videoParams&quot;:{&quot;controls&quot;:&quot;&quot;,&quot;preload&quot;:&quot;metadata&quot;,&quot;controlsList&quot;:&quot;nodownload&quot;}}\" data-e-action-hash=\"#elementor-action%3Aaction%3Dlightbox%26settings%3DeyJ0eXBlIjoidmlkZW8iLCJ2aWRlb1R5cGUiOiJob3N0ZWQiLCJ1cmwiOiJodHRwczpcL1wvd3d3LmNnYy5lbmVyZ3lcL3ZpZGVvc1wvQ0dDRXNwYW5vbHdlYmxvdzIubXA0IiwiYXV0b3BsYXkiOiIiLCJtb2RhbE9wdGlvbnMiOnsiaWQiOiJlbGVtZW50b3ItbGlnaHRib3gtZmIyZWNkMyIsImVudHJhbmNlQW5pbWF0aW9uIjoiIiwiZW50cmFuY2VBbmltYXRpb25fdGFibGV0IjoiIiwiZW50cmFuY2VBbmltYXRpb25fbW9iaWxlIjoiIiwidmlkZW9Bc3BlY3RSYXRpbyI6IjE2OSJ9LCJ2aWRlb1BhcmFtcyI6eyJjb250cm9scyI6IiIsInByZWxvYWQiOiJtZXRhZGF0YSIsImNvbnRyb2xzTGlzdCI6Im5vZG93bmxvYWQifX0%3D\">\n\t\t\t\t\t\t\t\t\t\t\t<img fetchpriority=\"high\" decoding=\"async\" width=\"768\" height=\"512\" src=\"https:\/\/cgc.energy\/esp\/wp-content\/uploads\/2019\/02\/cgcweb24cgc-fotos-1300-768x512.jpg\" class=\"attachment-medium_large size-medium_large wp-image-690\" alt=\"\" srcset=\"https:\/\/cgc.energy\/esp\/wp-content\/uploads\/2019\/02\/cgcweb24cgc-fotos-1300-768x512.jpg 768w, https:\/\/cgc.energy\/esp\/wp-content\/uploads\/2019\/02\/cgcweb24cgc-fotos-1300-300x200.jpg 300w, https:\/\/cgc.energy\/esp\/wp-content\/uploads\/2019\/02\/cgcweb24cgc-fotos-1300-1024x682.jpg 1024w, https:\/\/cgc.energy\/esp\/wp-content\/uploads\/2019\/02\/cgcweb24cgc-fotos-1300.jpg 1400w\" sizes=\"(max-width: 768px) 100vw, 768px\" \/>\t\t\t\t\t\t\t\t\t\t\t\t\t\t\t\t<div class=\"elementor-custom-embed-play\" role=\"button\" aria-label=\"Play Video\" tabindex=\"0\">\n\t\t\t\t\t\t\t<i aria-hidden=\"true\" class=\"eicon-play\"><\/i>\t\t\t\t\t\t<\/div>\n\t\t\t\t\t\t\t\t\t<\/div>\n\t\t\t\t\t<\/div>\n\t\t\t\t\t\t<\/div>\n\t\t\t\t<\/div>\n\t\t\t\t<div class=\"elementor-element elementor-element-ba7ebb4 elementor-widget elementor-widget-spacer\" data-id=\"ba7ebb4\" data-element_type=\"widget\" data-e-type=\"widget\" data-widget_type=\"spacer.default\">\n\t\t\t\t<div class=\"elementor-widget-container\">\n\t\t\t\t\t\t\t<div class=\"elementor-spacer\">\n\t\t\t<div class=\"elementor-spacer-inner\"><\/div>\n\t\t<\/div>\n\t\t\t\t\t\t<\/div>\n\t\t\t\t<\/div>\n\t\t\t\t\t<\/div>\n\t\t<\/div>\n\t\t\t\t\t<\/div>\n\t\t<\/section>\n\t\t\t\t<\/div>\n\t\t","protected":false},"excerpt":{"rendered":"<p>Quienes Somos Somos parte del grupo Corporaci\u00f3n Am\u00e9rica, un holding familiar de origen argentino que invierte en el pa\u00eds desde hace d\u00e9cadas en \u00e1reas como aeropuertos, infraestructura, tecnolog\u00eda y energ\u00eda. Contamos con 100 a\u00f1os de trayectoria y somos una de las l\u00edderes en la industria de energ\u00eda en Argentina y nos dedicamos a la exploraci\u00f3n, [&hellip;]<\/p>\n","protected":false},"author":1,"featured_media":0,"parent":0,"menu_order":0,"comment_status":"closed","ping_status":"closed","template":"","meta":{"ocean_post_layout":"full-screen","ocean_both_sidebars_style":"","ocean_both_sidebars_content_width":0,"ocean_both_sidebars_sidebars_width":0,"ocean_sidebar":"0","ocean_second_sidebar":"0","ocean_disable_margins":"enable","ocean_add_body_class":"","ocean_shortcode_before_top_bar":"","ocean_shortcode_after_top_bar":"","ocean_shortcode_before_header":"","ocean_shortcode_after_header":"","ocean_has_shortcode":"","ocean_shortcode_after_title":"","ocean_shortcode_before_footer_widgets":"","ocean_shortcode_after_footer_widgets":"","ocean_shortcode_before_footer_bottom":"","ocean_shortcode_after_footer_bottom":"","ocean_display_top_bar":"default","ocean_display_header":"default","ocean_header_style":"","ocean_center_header_left_menu":"0","ocean_custom_header_template":"0","ocean_custom_logo":0,"ocean_custom_retina_logo":0,"ocean_custom_logo_max_width":0,"ocean_custom_logo_tablet_max_width":0,"ocean_custom_logo_mobile_max_width":0,"ocean_custom_logo_max_height":0,"ocean_custom_logo_tablet_max_height":0,"ocean_custom_logo_mobile_max_height":0,"ocean_header_custom_menu":"0","ocean_menu_typo_font_family":"0","ocean_menu_typo_font_subset":"","ocean_menu_typo_font_size":0,"ocean_menu_typo_font_size_tablet":0,"ocean_menu_typo_font_size_mobile":0,"ocean_menu_typo_font_size_unit":"px","ocean_menu_typo_font_weight":"","ocean_menu_typo_font_weight_tablet":"","ocean_menu_typo_font_weight_mobile":"","ocean_menu_typo_transform":"","ocean_menu_typo_transform_tablet":"","ocean_menu_typo_transform_mobile":"","ocean_menu_typo_line_height":0,"ocean_menu_typo_line_height_tablet":0,"ocean_menu_typo_line_height_mobile":0,"ocean_menu_typo_line_height_unit":"","ocean_menu_typo_spacing":0,"ocean_menu_typo_spacing_tablet":0,"ocean_menu_typo_spacing_mobile":0,"ocean_menu_typo_spacing_unit":"","ocean_menu_link_color":"","ocean_menu_link_color_hover":"","ocean_menu_link_color_active":"","ocean_menu_link_background":"","ocean_menu_link_hover_background":"","ocean_menu_link_active_background":"","ocean_menu_social_links_bg":"","ocean_menu_social_hover_links_bg":"","ocean_menu_social_links_color":"","ocean_menu_social_hover_links_color":"","ocean_disable_title":"on","ocean_disable_heading":"default","ocean_post_title":"","ocean_post_subheading":"","ocean_post_title_style":"","ocean_post_title_background_color":"","ocean_post_title_background":0,"ocean_post_title_bg_image_position":"","ocean_post_title_bg_image_attachment":"","ocean_post_title_bg_image_repeat":"","ocean_post_title_bg_image_size":"","ocean_post_title_height":0,"ocean_post_title_bg_overlay":0.5,"ocean_post_title_bg_overlay_color":"","ocean_disable_breadcrumbs":"off","ocean_breadcrumbs_color":"","ocean_breadcrumbs_separator_color":"","ocean_breadcrumbs_links_color":"","ocean_breadcrumbs_links_hover_color":"","ocean_display_footer_widgets":"default","ocean_display_footer_bottom":"default","ocean_custom_footer_template":"0","footnotes":""},"class_list":["post-18","page","type-page","status-publish","hentry","entry"],"_links":{"self":[{"href":"https:\/\/cgc.energy\/esp\/wp-json\/wp\/v2\/pages\/18","targetHints":{"allow":["GET"]}}],"collection":[{"href":"https:\/\/cgc.energy\/esp\/wp-json\/wp\/v2\/pages"}],"about":[{"href":"https:\/\/cgc.energy\/esp\/wp-json\/wp\/v2\/types\/page"}],"author":[{"embeddable":true,"href":"https:\/\/cgc.energy\/esp\/wp-json\/wp\/v2\/users\/1"}],"replies":[{"embeddable":true,"href":"https:\/\/cgc.energy\/esp\/wp-json\/wp\/v2\/comments?post=18"}],"version-history":[{"count":133,"href":"https:\/\/cgc.energy\/esp\/wp-json\/wp\/v2\/pages\/18\/revisions"}],"predecessor-version":[{"id":2896,"href":"https:\/\/cgc.energy\/esp\/wp-json\/wp\/v2\/pages\/18\/revisions\/2896"}],"wp:attachment":[{"href":"https:\/\/cgc.energy\/esp\/wp-json\/wp\/v2\/media?parent=18"}],"curies":[{"name":"wp","href":"https:\/\/api.w.org\/{rel}","templated":true}]}}