{"id":1850,"date":"2021-06-30T20:53:38","date_gmt":"2021-06-30T20:53:38","guid":{"rendered":"http:\/\/somoscgc.energy\/eng\/?page_id=1850"},"modified":"2021-06-30T20:59:02","modified_gmt":"2021-06-30T20:59:02","slug":"cgc-sinopec","status":"publish","type":"page","link":"http:\/\/cgc.energy\/eng\/cgc-sinopec\/","title":{"rendered":"CGC-SINOPEC"},"content":{"rendered":"\t\t<div data-elementor-type=\"wp-page\" data-elementor-id=\"1850\" class=\"elementor elementor-1850\" data-elementor-settings=\"[]\">\n\t\t\t\t\t\t<div class=\"elementor-inner\">\n\t\t\t\t\t\t\t<div class=\"elementor-section-wrap\">\n\t\t\t\t\t\t\t<section class=\"elementor-section elementor-top-section elementor-element elementor-element-792b679d elementor-section-boxed elementor-section-height-default elementor-section-height-default\" data-id=\"792b679d\" data-element_type=\"section\">\n\t\t\t\t\t\t<div class=\"elementor-container elementor-column-gap-default\">\n\t\t\t\t\t\t\t<div class=\"elementor-row\">\n\t\t\t\t\t<div class=\"elementor-column elementor-col-100 elementor-top-column elementor-element elementor-element-665a18f1\" data-id=\"665a18f1\" data-element_type=\"column\">\n\t\t\t<div class=\"elementor-column-wrap elementor-element-populated\">\n\t\t\t\t\t\t\t<div class=\"elementor-widget-wrap\">\n\t\t\t\t\t\t<div class=\"elementor-element elementor-element-7ec3be9a elementor-widget elementor-widget-heading\" data-id=\"7ec3be9a\" data-element_type=\"widget\" data-widget_type=\"heading.default\">\n\t\t\t\t<div class=\"elementor-widget-container\">\n\t\t\t<h2 class=\"elementor-heading-title elementor-size-default\">CGC acquires Sinopec Argentina Exploration and Production.<\/h2>\t\t<\/div>\n\t\t\t\t<\/div>\n\t\t\t\t<div class=\"elementor-element elementor-element-758035b7 elementor-widget elementor-widget-spacer\" data-id=\"758035b7\" data-element_type=\"widget\" data-widget_type=\"spacer.default\">\n\t\t\t\t<div class=\"elementor-widget-container\">\n\t\t\t\t\t<div class=\"elementor-spacer\">\n\t\t\t<div class=\"elementor-spacer-inner\"><\/div>\n\t\t<\/div>\n\t\t\t\t<\/div>\n\t\t\t\t<\/div>\n\t\t\t\t<div class=\"elementor-element elementor-element-41fb96aa elementor-widget elementor-widget-text-editor\" data-id=\"41fb96aa\" data-element_type=\"widget\" data-widget_type=\"text-editor.default\">\n\t\t\t\t<div class=\"elementor-widget-container\">\n\t\t\t\t\t\t\t\t<div class=\"elementor-text-editor elementor-clearfix\">\n\t\t\t\t<p>Compa\u00f1\u00eda General de Combustibles S.A. (CGC) finalized the acquisition of Sinopec Argentina Exploration and Production. With this, CGC increased production by more than 50,000 Barrels of oil equivalent per day (boe), pushing its total production to a combination of 63% gas and 37% oil (previously 85% and 15% respectively). Additionally, proven reserves will increase by a margin higher than 50% (from 59 MM boe to 90 MM boe).<\/p><p>Sinopec Argentina&#8217;s sites cover more than 4,600 km^2, with a majority located in Cuenca del Golfo de San Jorge and in Cuenca Cuyana. Sinopec Argentina also has a stake in Termap, the operator of port terminals in Caleta Olivia (Santa Cruz) and Caleta C\u00f3rdova (Chubut).<\/p><p>CGC as a company has recently celebrated its <strong>100th anniversary<\/strong> of operating in Argentina. The company was producing <strong>8.500 boe\/d<\/strong> when, in 2013, it was acquired by Corporaci\u00f3n Am\u00e9rica. Its partner in CGC, with 30% of the remaining shares, is Sociedad Comercial del Plata, an Argentine economic group unit that is listed in the Bolsa de Comercio de Buenos Aires.<\/p><p><strong>In 2015,<\/strong> CGC took another step forward in growth by acquiring Petrobras Argentina&#8217;s sites in Cuenca Austral, in the southern region of the Santa Cruz province, with a produccion rate of 20,000 boe\/d.<\/p><p><strong>Between 2015 and 2020<\/strong>, CGC managed to increase gas production threefold through an aggressive investment plan, successfully developing on the non-conventional tight gas deposits of Campo Indio and El Cerrito. Thus, by late 2019, CGC reached an unprecedented produccion rate of 37,000 boe\/d.<\/p><p><strong>Through the Sinopec acquisition, CGC will reach over 50,000 boe daily.<\/strong><\/p><p><img loading=\"lazy\" class=\"alignnone wp-image-1852 size-full\" src=\"http:\/\/somoscgc.energy\/eng\/wp-content\/uploads\/2021\/06\/Infograf\u00eda-reducida-ingles-01.jpg\" alt=\"\" width=\"4008\" height=\"2257\" srcset=\"https:\/\/cgc.energy\/eng\/wp-content\/uploads\/2021\/06\/Infograf\u00eda-reducida-ingles-01.jpg 4008w, https:\/\/cgc.energy\/eng\/wp-content\/uploads\/2021\/06\/Infograf\u00eda-reducida-ingles-01-300x169.jpg 300w, https:\/\/cgc.energy\/eng\/wp-content\/uploads\/2021\/06\/Infograf\u00eda-reducida-ingles-01-768x432.jpg 768w, https:\/\/cgc.energy\/eng\/wp-content\/uploads\/2021\/06\/Infograf\u00eda-reducida-ingles-01-1024x577.jpg 1024w\" sizes=\"(max-width: 4008px) 100vw, 4008px\" \/><\/p><p>In the Cuenca Austral, CGC ran the most ambitious prospecting campaign of the last two decades, with more than 1,600 km^2 of 3D seismograms and the digging of 21 exploratory wells.<\/p><p>In addition, with the goal of maximizing gas merchandising options, CGC moved forward the planning and execution of the Almacenamiento de Gas Subterr\u00e1neo Sur R\u00edo Chico (Southern Subterranean Gas Storage Project of R\u00edo Chico), a pioneer in the Cuenca Austral.<\/p><p>CGC is one of the main gas transport operatives in the nation, through its shareholding in TGN, GasAndes and TGM, with 7,540 km of national gas ducts, and interconnections with Brazil, Chile, and Bolivia.<\/p><p>Hugo Ernekian, president and CEO of CGC, addressed the importance of this transaction, stating that it &#8220;reaffirms CGC&#8217;s vision of continued growth and investment in Argentina. We are sure of the immense and diverse potential offered by our country&#8217;s geology, not only in shale but especially in tight and convential gas: this step we are taking is testimony to the fact&#8221;. Finally, he added &#8220;We are glad of this new growth milestone is reached in Santa Cruz, a province that we feel to be a part of where CGC has been active in for almost 30 years&#8221;.<\/p><p>CGC wishes to highlight the joint effort of all individuals involved in the realization of this operation, having been long sought after and planned for, and opening significant future projections for both company and country.<\/p><p>CGC is a part of the Corporaci\u00f3n Am\u00e9rica International, an Argentine economic group investing for over three decades in Argentina, South America, and Europe in sectors including airports, infrastructure, technology, and energy.<\/p><p>Since being acquired by Corporaci\u00f3n Am\u00e9rica in 2013, CGC has invested over 1.5 billion USD in energy development in Argentina.<\/p><p>Buenos Aires, June 30th 2021<\/p>\t\t\t\t\t<\/div>\n\t\t\t\t\t\t<\/div>\n\t\t\t\t<\/div>\n\t\t\t\t\t\t<\/div>\n\t\t\t\t\t<\/div>\n\t\t<\/div>\n\t\t\t\t\t\t\t\t<\/div>\n\t\t\t\t\t<\/div>\n\t\t<\/section>\n\t\t\t\t\t\t<\/div>\n\t\t\t\t\t\t<\/div>\n\t\t\t\t\t<\/div>\n\t\t","protected":false},"excerpt":{"rendered":"<p>CGC acquires Sinopec Argentina Exploration and Production. Compa\u00f1\u00eda General de Combustibles S.A. (CGC) finalized the acquisition of Sinopec Argentina Exploration and Production. With this, CGC increased production by more than 50,000 Barrels of oil equivalent per day (boe), pushing its total production to a combination of 63% gas and 37% oil (previously 85% and 15% [&hellip;]<\/p>\n","protected":false},"author":1,"featured_media":0,"parent":0,"menu_order":0,"comment_status":"closed","ping_status":"closed","template":"","meta":{"_mi_skip_tracking":false},"_links":{"self":[{"href":"http:\/\/cgc.energy\/eng\/wp-json\/wp\/v2\/pages\/1850"}],"collection":[{"href":"http:\/\/cgc.energy\/eng\/wp-json\/wp\/v2\/pages"}],"about":[{"href":"http:\/\/cgc.energy\/eng\/wp-json\/wp\/v2\/types\/page"}],"author":[{"embeddable":true,"href":"http:\/\/cgc.energy\/eng\/wp-json\/wp\/v2\/users\/1"}],"replies":[{"embeddable":true,"href":"http:\/\/cgc.energy\/eng\/wp-json\/wp\/v2\/comments?post=1850"}],"version-history":[{"count":5,"href":"http:\/\/cgc.energy\/eng\/wp-json\/wp\/v2\/pages\/1850\/revisions"}],"predecessor-version":[{"id":1856,"href":"http:\/\/cgc.energy\/eng\/wp-json\/wp\/v2\/pages\/1850\/revisions\/1856"}],"wp:attachment":[{"href":"http:\/\/cgc.energy\/eng\/wp-json\/wp\/v2\/media?parent=1850"}],"curies":[{"name":"wp","href":"https:\/\/api.w.org\/{rel}","templated":true}]}}